{"id":294064,"date":"2026-03-19T12:38:15","date_gmt":"2026-03-19T11:38:15","guid":{"rendered":"https:\/\/megacase.com\/?post_type=product&#038;p=294064"},"modified":"2026-03-25T14:37:22","modified_gmt":"2026-03-25T13:37:22","slug":"controller-case-pioneer-ddj-flx-10-mit-schlitten","status":"publish","type":"product","link":"https:\/\/megacase.com\/de\/produkt\/controller-case-pioneer-ddj-flx-10-mit-schlitten\/","title":{"rendered":"Controller Case Pioneer DDJ FLX 10 mit Schlitten"},"content":{"rendered":"<p>Professional DJ-Protection. Unser ma\u00dfgeschneidertes Controllercase f\u00fcr den Pioneer DDJ FLX 10 verbindet robuste Verarbeitung mit durchdachtem Design &#8211; entwickelt f\u00fcr DJs, die keine Kompromisse eingehen.<br \/>\nIm Inneren erwartet dich ma\u00dfgefertigte Schaumstoffpolsterung in Boden und Deckel &#8211; perfekt angepasst an die Konturen des Pioneer DDJ FLX 10.<br \/>\nDer integrierte Laptop-Schlitten bietet deinem Rechner einen sicheren Platz, w\u00e4hrend der 10 cm breite Kabelkanal auf der R\u00fcckseite f\u00fcr ordentliches Kabelmanagement sorgt.<br \/>\nAlles an seinem Platz, alles griffbereit.<\/p>\n<p>Ausstattung:<br \/>\n6,8 mm Multiplex Phenol braun<br \/>\n22&#215;22 mm Aluminiumprofil<br \/>\n4 L-Ecken medium<br \/>\n4 L-Ecken klein<br \/>\n4 Butterfly Verschl\u00fcsse mini<br \/>\n3 Klappgriffe schmal<br \/>\n8 Stahlkugelecken klein<br \/>\n4 Gummif\u00fc\u00dfe 38&#215;10 mm<br \/>\nSchaumstoffpolsterung nach Ma\u00df im Boden und Deckel<\/p>\n<p>Hergestellt in Deutschland<br \/>\nAu\u00dfenma\u00dfe BxTxH 826 x 545 x 205 mm<br \/>\nGewicht: 12,6 kg<\/p>\n","protected":false},"excerpt":{"rendered":"<p>Professional DJ-Protection. Unser ma\u00dfgeschneidertes Controllercase f\u00fcr den Pioneer DDJ FLX 10 verbindet robuste Verarbeitung mit durchdachtem Design &#8211; entwickelt f\u00fcr<\/p>\n","protected":false},"featured_media":294085,"template":"","meta":{"_acf_changed":false},"product_brand":[],"product_cat":[13493],"product_tag":[],"class_list":{"0":"post-294064","1":"product","2":"type-product","3":"status-publish","4":"has-post-thumbnail","6":"product_cat-dj-equipment-cases","8":"first","9":"instock","10":"taxable","11":"shipping-taxable","12":"purchasable","13":"product-type-simple"},"acf":[],"_links":{"self":[{"href":"https:\/\/megacase.com\/de\/wp-json\/wp\/v2\/product\/294064","targetHints":{"allow":["GET"]}}],"collection":[{"href":"https:\/\/megacase.com\/de\/wp-json\/wp\/v2\/product"}],"about":[{"href":"https:\/\/megacase.com\/de\/wp-json\/wp\/v2\/types\/product"}],"wp:featuredmedia":[{"embeddable":true,"href":"https:\/\/megacase.com\/de\/wp-json\/wp\/v2\/media\/294085"}],"wp:attachment":[{"href":"https:\/\/megacase.com\/de\/wp-json\/wp\/v2\/media?parent=294064"}],"wp:term":[{"taxonomy":"product_brand","embeddable":true,"href":"https:\/\/megacase.com\/de\/wp-json\/wp\/v2\/product_brand?post=294064"},{"taxonomy":"product_cat","embeddable":true,"href":"https:\/\/megacase.com\/de\/wp-json\/wp\/v2\/product_cat?post=294064"},{"taxonomy":"product_tag","embeddable":true,"href":"https:\/\/megacase.com\/de\/wp-json\/wp\/v2\/product_tag?post=294064"}],"curies":[{"name":"wp","href":"https:\/\/api.w.org\/{rel}","templated":true}]}}