{"id":294008,"date":"2026-03-19T12:20:37","date_gmt":"2026-03-19T11:20:37","guid":{"rendered":"https:\/\/megacase.com\/?post_type=product&#038;p=294008"},"modified":"2026-03-25T14:37:22","modified_gmt":"2026-03-25T13:37:22","slug":"keyboard-case-typ-1-pvc-expressive-e-osmose-49","status":"publish","type":"product","link":"https:\/\/megacase.com\/de\/produkt\/keyboard-case-typ-1-pvc-expressive-e-osmose-49\/","title":{"rendered":"Keyboard Case Typ 1 PVC Expressive E Osmose 49"},"content":{"rendered":"<p>Keyboard Case Typ 1 PVC Expressive E Osmose 49<br \/>\nRobustes Keyboard Case aus schwarzem Wabenkunststoff, passgenau gefertigt f\u00fcr das Expressive E Osmose mit 49 Tasten.<br \/>\nDie stabile und zugleich leichte Konstruktion bietet optimalen Schutz f\u00fcr den sicheren Transport im Studio-, Live- und Touring-Bereich.<\/p>\n<p>Das Case mit hochwertiger Schaumstoffauskleidung sorgt f\u00fcr exakten Sitz des Instruments und sch\u00fctzt zuverl\u00e4ssig vor St\u00f6\u00dfen, Druckbelastung und Vibrationen.<br \/>\nDas Ger\u00e4t ist sicher fixiert und bleibt auch bei h\u00e4ufigem Transport bestens gesch\u00fctzt.<\/p>\n<p>Ausstattung:<br \/>\n7 mm Wabenkunststoff schwarz<br \/>\n25&#215;25 mm Aluminiumprofil<br \/>\n4 L-Ecke medium<br \/>\n2 Schnappschloss mit \u00d6se<br \/>\n2 Feststellscharnier gro\u00df<br \/>\n1 Ledergriff<br \/>\n4 Kugelecke mittel<br \/>\n4 Kugelecke mittel L-Ecke<br \/>\nSchaumstoffpolsterung<\/p>\n<p>Hergestellt in Deutschland<br \/>\nAu\u00dfenma\u00dfe BxTxH 960 x 415 x 170 mm<br \/>\nGewicht: 5,5 kg<\/p>\n","protected":false},"excerpt":{"rendered":"<p>Keyboard Case Typ 1 PVC Expressive E Osmose 49 Robustes Keyboard Case aus schwarzem Wabenkunststoff, passgenau gefertigt f\u00fcr das Expressive<\/p>\n","protected":false},"featured_media":294057,"template":"","meta":{"_acf_changed":false},"product_brand":[],"product_cat":[13511],"product_tag":[],"class_list":{"0":"post-294008","1":"product","2":"type-product","3":"status-publish","4":"has-post-thumbnail","6":"product_cat-keyboard-cases","8":"first","9":"instock","10":"taxable","11":"shipping-taxable","12":"purchasable","13":"product-type-simple"},"acf":[],"_links":{"self":[{"href":"https:\/\/megacase.com\/de\/wp-json\/wp\/v2\/product\/294008","targetHints":{"allow":["GET"]}}],"collection":[{"href":"https:\/\/megacase.com\/de\/wp-json\/wp\/v2\/product"}],"about":[{"href":"https:\/\/megacase.com\/de\/wp-json\/wp\/v2\/types\/product"}],"wp:featuredmedia":[{"embeddable":true,"href":"https:\/\/megacase.com\/de\/wp-json\/wp\/v2\/media\/294057"}],"wp:attachment":[{"href":"https:\/\/megacase.com\/de\/wp-json\/wp\/v2\/media?parent=294008"}],"wp:term":[{"taxonomy":"product_brand","embeddable":true,"href":"https:\/\/megacase.com\/de\/wp-json\/wp\/v2\/product_brand?post=294008"},{"taxonomy":"product_cat","embeddable":true,"href":"https:\/\/megacase.com\/de\/wp-json\/wp\/v2\/product_cat?post=294008"},{"taxonomy":"product_tag","embeddable":true,"href":"https:\/\/megacase.com\/de\/wp-json\/wp\/v2\/product_tag?post=294008"}],"curies":[{"name":"wp","href":"https:\/\/api.w.org\/{rel}","templated":true}]}}