{"id":293947,"date":"2026-03-19T11:10:22","date_gmt":"2026-03-19T10:10:22","guid":{"rendered":"https:\/\/megacase.com\/?post_type=product&#038;p=293947"},"modified":"2026-03-25T14:37:22","modified_gmt":"2026-03-25T13:37:22","slug":"custom-gitarrencase-nussbaum-abk","status":"publish","type":"product","link":"https:\/\/megacase.com\/de\/produkt\/custom-gitarrencase-nussbaum-abk\/","title":{"rendered":"Custom Gitarrencase Nussbaum ABK"},"content":{"rendered":"<p>Entdecken Sie das ultimative E-Gitarrencase mit individuellem Gitarreninlay!<br \/>\nSch\u00fctzen Sie Ihre E-Gitarre stilvoll und sicher mit unserem hochwertigen Koffer made in Germany.<\/p>\n<p>Dank der ma\u00dfgeschneiderten Anfertigung passt das Case perfekt f\u00fcr Ihre E-Gitarre<br \/>\n&#8211; zur pr\u00e4zisen Fertigung ben\u00f6tigen wir eventuell Ihre Gitarre zum Vermessen.<\/p>\n<p>Ausstattung:<br \/>\n6,8 mm Multiplex Holz Nussbaum Dekor<br \/>\n22&#215;22 mm Aluminiumprofil<br \/>\n4 L-Ecken medium<br \/>\n2 Butterfly Verschl\u00fcsse mini<br \/>\n2 Feststellscharniere gro\u00df<br \/>\n1 Geweberiemengriff<br \/>\n8 Stahlkugelecken klein<br \/>\n4 Gummif\u00fc\u00dfe 25&#215;11 mm<\/p>\n<p>Hergestellt in Deutschland, erf\u00fcllt unser E-Gitarrencase h\u00f6chste Qualit\u00e4tsstandards.<br \/>\nAu\u00dfenma\u00dfe: BxTxH 1216x460x156 mm<br \/>\nGewicht: 9 kg<\/p>\n<p>Verleihen Sie Ihrer Gitarre den Schutz, den sie verdient &#8211; mit unserem E-Gitarrencase!<br \/>\n*Bitte beachten Sie, dass die Ausf\u00fchrung von den Beispielbildern abweichen kann.*<\/p>\n","protected":false},"excerpt":{"rendered":"<p>Entdecken Sie das ultimative E-Gitarrencase mit individuellem Gitarreninlay! Sch\u00fctzen Sie Ihre E-Gitarre stilvoll und sicher mit unserem hochwertigen Koffer made<\/p>\n","protected":false},"featured_media":294000,"template":"","meta":{"_acf_changed":false},"product_brand":[],"product_cat":[13594],"product_tag":[],"class_list":{"0":"post-293947","1":"product","2":"type-product","3":"status-publish","4":"has-post-thumbnail","6":"product_cat-cases-fuer-gitarre-bass-cases","8":"first","9":"instock","10":"taxable","11":"shipping-taxable","12":"purchasable","13":"product-type-simple"},"acf":[],"_links":{"self":[{"href":"https:\/\/megacase.com\/de\/wp-json\/wp\/v2\/product\/293947","targetHints":{"allow":["GET"]}}],"collection":[{"href":"https:\/\/megacase.com\/de\/wp-json\/wp\/v2\/product"}],"about":[{"href":"https:\/\/megacase.com\/de\/wp-json\/wp\/v2\/types\/product"}],"wp:featuredmedia":[{"embeddable":true,"href":"https:\/\/megacase.com\/de\/wp-json\/wp\/v2\/media\/294000"}],"wp:attachment":[{"href":"https:\/\/megacase.com\/de\/wp-json\/wp\/v2\/media?parent=293947"}],"wp:term":[{"taxonomy":"product_brand","embeddable":true,"href":"https:\/\/megacase.com\/de\/wp-json\/wp\/v2\/product_brand?post=293947"},{"taxonomy":"product_cat","embeddable":true,"href":"https:\/\/megacase.com\/de\/wp-json\/wp\/v2\/product_cat?post=293947"},{"taxonomy":"product_tag","embeddable":true,"href":"https:\/\/megacase.com\/de\/wp-json\/wp\/v2\/product_tag?post=293947"}],"curies":[{"name":"wp","href":"https:\/\/api.w.org\/{rel}","templated":true}]}}