{"id":293878,"date":"2026-03-19T10:41:59","date_gmt":"2026-03-19T09:41:59","guid":{"rendered":"https:\/\/megacase.com\/?post_type=product&#038;p=293878"},"modified":"2026-03-25T14:37:23","modified_gmt":"2026-03-25T13:37:23","slug":"zubehoercase-110-x-40-x-40-cm-2","status":"publish","type":"product","link":"https:\/\/megacase.com\/de\/produkt\/zubehoercase-110-x-40-x-40-cm-2\/","title":{"rendered":"Zubeh\u00f6rcase 110 x 40 x 40 cm"},"content":{"rendered":"<p>Schluss mit Kabelsalat und losen Einzelteilen \u2013 dieses robuste Zubeh\u00f6rcase sorgt f\u00fcr Ordnung und \u00dcbersicht bei Transport und Lagerung. Ideal f\u00fcr Kabel, Werkzeuge und technisches Zubeh\u00f6r.<\/p>\n<p>Dank optional erh\u00e4ltlichem Trennwandset (Art. 251870) l\u00e4sst sich der Innenraum individuell anpassen und optimal strukturieren. So bleibt alles an seinem Platz und ist jederzeit schnell griffbereit.<\/p>\n<p>Ausstattung:<br \/>\n6,8 mm Multiplex farbig beschichtet &#8211; Farbe aus unserer Farbkarte frei w\u00e4hlbar<br \/>\n30&#215;30 mm Aluminiumprofil<br \/>\n4 L-Ecken medium<br \/>\n2 gefederte Butterfly Verschl\u00fcsse mittel<br \/>\n2 Feststellscharniere gro\u00df<br \/>\n2 Klappgriffe medium<br \/>\n4 Stahlkugelecken<br \/>\n4 Stahlkugelecken stapelbar unten<\/p>\n<p>Hergestellt in Deutschland<br \/>\nAu\u00dfenma\u00dfe: ( BxHxT ) 1145x440x440 mm<br \/>\nGewicht:  14,2 kg<\/p>\n","protected":false},"excerpt":{"rendered":"<p>Schluss mit Kabelsalat und losen Einzelteilen \u2013 dieses robuste Zubeh\u00f6rcase sorgt f\u00fcr Ordnung und \u00dcbersicht bei Transport und Lagerung. Ideal<\/p>\n","protected":false},"featured_media":293931,"template":"","meta":{"_acf_changed":false},"product_brand":[],"product_cat":[13509],"product_tag":[],"class_list":{"0":"post-293878","1":"product","2":"type-product","3":"status-publish","4":"has-post-thumbnail","6":"product_cat-truhen-cases","8":"first","9":"instock","10":"taxable","11":"shipping-taxable","12":"purchasable","13":"product-type-simple"},"acf":[],"_links":{"self":[{"href":"https:\/\/megacase.com\/de\/wp-json\/wp\/v2\/product\/293878","targetHints":{"allow":["GET"]}}],"collection":[{"href":"https:\/\/megacase.com\/de\/wp-json\/wp\/v2\/product"}],"about":[{"href":"https:\/\/megacase.com\/de\/wp-json\/wp\/v2\/types\/product"}],"wp:featuredmedia":[{"embeddable":true,"href":"https:\/\/megacase.com\/de\/wp-json\/wp\/v2\/media\/293931"}],"wp:attachment":[{"href":"https:\/\/megacase.com\/de\/wp-json\/wp\/v2\/media?parent=293878"}],"wp:term":[{"taxonomy":"product_brand","embeddable":true,"href":"https:\/\/megacase.com\/de\/wp-json\/wp\/v2\/product_brand?post=293878"},{"taxonomy":"product_cat","embeddable":true,"href":"https:\/\/megacase.com\/de\/wp-json\/wp\/v2\/product_cat?post=293878"},{"taxonomy":"product_tag","embeddable":true,"href":"https:\/\/megacase.com\/de\/wp-json\/wp\/v2\/product_tag?post=293878"}],"curies":[{"name":"wp","href":"https:\/\/api.w.org\/{rel}","templated":true}]}}