{"id":292222,"date":"2026-03-18T15:40:00","date_gmt":"2026-03-18T14:40:00","guid":{"rendered":"https:\/\/megacase.com\/?post_type=product&#038;p=292222"},"modified":"2026-04-09T13:01:19","modified_gmt":"2026-04-09T11:01:19","slug":"6he-eco-ii-rack-36","status":"publish","type":"product","link":"https:\/\/megacase.com\/de\/produkt\/6he-eco-ii-rack-36\/","title":{"rendered":"6HE ECO II Rack 36"},"content":{"rendered":"<p>ausgestattet mit variablen Rackschienen vorne k\u00f6nnen Sie Ihre 19&#8243; Ger\u00e4te einfach mit den mitgelieferten Schrauben in das Rack befestigen<br \/>\nNutzh\u00f6he 6HE<br \/>\nEinbautiefe 33cm<br \/>\n7mm Doppelsteg-Kunststoff,<br \/>\n22&#215;22 mm \/ 25&#215;25 mm Alukante<br \/>\n4 Schnappschl\u00f6sser,<br \/>\n1 Koffergriff<br \/>\n4 Gummif\u00fc\u00dfe<br \/>\nkleine Stahlkugelecken<br \/>\nstufenlose Rackschiene, incl. Schraubensatz<\/p>\n<p>Au\u00dfenma\u00dfe ca. BxHxT = 535x273x475 mm<br \/>\nGewicht = 5,1kg<\/p>\n","protected":false},"excerpt":{"rendered":"<p>ausgestattet mit variablen Rackschienen vorne k\u00f6nnen Sie Ihre 19&#8243; Ger\u00e4te einfach mit den mitgelieferten Schrauben in das Rack befestigen Nutzh\u00f6he<\/p>\n","protected":false},"featured_media":292248,"template":"","meta":{"_acf_changed":false},"product_brand":[],"product_cat":[13510],"product_tag":[],"class_list":{"0":"post-292222","1":"product","2":"type-product","3":"status-publish","4":"has-post-thumbnail","6":"product_cat-racks","8":"first","9":"instock","10":"taxable","11":"shipping-taxable","12":"purchasable","13":"product-type-simple"},"acf":[],"_links":{"self":[{"href":"https:\/\/megacase.com\/de\/wp-json\/wp\/v2\/product\/292222","targetHints":{"allow":["GET"]}}],"collection":[{"href":"https:\/\/megacase.com\/de\/wp-json\/wp\/v2\/product"}],"about":[{"href":"https:\/\/megacase.com\/de\/wp-json\/wp\/v2\/types\/product"}],"wp:featuredmedia":[{"embeddable":true,"href":"https:\/\/megacase.com\/de\/wp-json\/wp\/v2\/media\/292248"}],"wp:attachment":[{"href":"https:\/\/megacase.com\/de\/wp-json\/wp\/v2\/media?parent=292222"}],"wp:term":[{"taxonomy":"product_brand","embeddable":true,"href":"https:\/\/megacase.com\/de\/wp-json\/wp\/v2\/product_brand?post=292222"},{"taxonomy":"product_cat","embeddable":true,"href":"https:\/\/megacase.com\/de\/wp-json\/wp\/v2\/product_cat?post=292222"},{"taxonomy":"product_tag","embeddable":true,"href":"https:\/\/megacase.com\/de\/wp-json\/wp\/v2\/product_tag?post=292222"}],"curies":[{"name":"wp","href":"https:\/\/api.w.org\/{rel}","templated":true}]}}