{"id":292213,"date":"2026-03-18T15:31:20","date_gmt":"2026-03-18T14:31:20","guid":{"rendered":"https:\/\/megacase.com\/?post_type=product&#038;p=292213"},"modified":"2026-04-09T12:57:55","modified_gmt":"2026-04-09T10:57:55","slug":"5he-eco-ii-compact-rack-23","status":"publish","type":"product","link":"https:\/\/megacase.com\/de\/produkt\/5he-eco-ii-compact-rack-23\/","title":{"rendered":"5HE ECO II compact Rack 23"},"content":{"rendered":"<p>Nutzh\u00f6he 5HE<br \/>\nEinbautiefe 22 cm<br \/>\n7 mm Doppelsteg-Kunststoff,<br \/>\n22&#215;22 mm \/ 25&#215;25 mm Alukante<br \/>\n4 Schnappschl\u00f6sser,<br \/>\n1 Koffergriff<br \/>\n4 Gummif\u00fc\u00dfe<br \/>\nkleine Stahlkugelecken<br \/>\nstufenlose Rackschiene, incl. Schraubensatz<br \/>\nAu\u00dfenma\u00dfe ca. BxTxH  535x345x273 mm<br \/>\nGewicht ca. 4,3 kg<\/p>\n","protected":false},"excerpt":{"rendered":"<p>Nutzh\u00f6he 5HE Einbautiefe 22 cm 7 mm Doppelsteg-Kunststoff, 22&#215;22 mm \/ 25&#215;25 mm Alukante 4 Schnappschl\u00f6sser, 1 Koffergriff 4 Gummif\u00fc\u00dfe<\/p>\n","protected":false},"featured_media":292364,"template":"","meta":{"_acf_changed":false},"product_brand":[],"product_cat":[13510],"product_tag":[],"class_list":{"0":"post-292213","1":"product","2":"type-product","3":"status-publish","4":"has-post-thumbnail","6":"product_cat-racks","8":"first","9":"instock","10":"taxable","11":"shipping-taxable","12":"purchasable","13":"product-type-simple"},"acf":[],"_links":{"self":[{"href":"https:\/\/megacase.com\/de\/wp-json\/wp\/v2\/product\/292213","targetHints":{"allow":["GET"]}}],"collection":[{"href":"https:\/\/megacase.com\/de\/wp-json\/wp\/v2\/product"}],"about":[{"href":"https:\/\/megacase.com\/de\/wp-json\/wp\/v2\/types\/product"}],"wp:featuredmedia":[{"embeddable":true,"href":"https:\/\/megacase.com\/de\/wp-json\/wp\/v2\/media\/292364"}],"wp:attachment":[{"href":"https:\/\/megacase.com\/de\/wp-json\/wp\/v2\/media?parent=292213"}],"wp:term":[{"taxonomy":"product_brand","embeddable":true,"href":"https:\/\/megacase.com\/de\/wp-json\/wp\/v2\/product_brand?post=292213"},{"taxonomy":"product_cat","embeddable":true,"href":"https:\/\/megacase.com\/de\/wp-json\/wp\/v2\/product_cat?post=292213"},{"taxonomy":"product_tag","embeddable":true,"href":"https:\/\/megacase.com\/de\/wp-json\/wp\/v2\/product_tag?post=292213"}],"curies":[{"name":"wp","href":"https:\/\/api.w.org\/{rel}","templated":true}]}}