{"id":292192,"date":"2026-03-18T14:20:02","date_gmt":"2026-03-18T13:20:02","guid":{"rendered":"https:\/\/megacase.com\/?post_type=product&#038;p=292192"},"modified":"2026-04-09T12:36:12","modified_gmt":"2026-04-09T10:36:12","slug":"8he-eco-wood-rack-40","status":"publish","type":"product","link":"https:\/\/megacase.com\/de\/produkt\/8he-eco-wood-rack-40\/","title":{"rendered":"8HE ECO Wood Rack 40"},"content":{"rendered":"<p>Double Door Rack mit Schnappschl\u00f6sser und Klappgriffen.<br \/>\nMit einer Einbauh\u00f6he von 8HE bietet es genug Platz f\u00fcr mehrere 19&#8243; Ger\u00e4te<\/p>\n<p>Einbauh\u00f6he 8HE<br \/>\nEinbautiefe 38,5cm<br \/>\n6,8 mm Multiplex phenol<br \/>\nFarbe braun<br \/>\n22&#215;22 mm \/ 25&#215;25 mm Aluprofil<br \/>\n2 Klappgriff<br \/>\n4 Schnappschl\u00f6sser<br \/>\nGummif\u00fc\u00dfe<br \/>\nStahlkugelecken<br \/>\nstufenlose Rackschiene incl. Befestigungsmaterial<br \/>\nAu\u00dfenma\u00dfe (BxHxT) ca. 535x408x506 cm,<br \/>\nGewicht ca. 9,7kg<\/p>\n","protected":false},"excerpt":{"rendered":"<p>Double Door Rack mit Schnappschl\u00f6sser und Klappgriffen. Mit einer Einbauh\u00f6he von 8HE bietet es genug Platz f\u00fcr mehrere 19&#8243; Ger\u00e4te<\/p>\n","protected":false},"featured_media":292540,"template":"","meta":{"_acf_changed":false},"product_brand":[],"product_cat":[13510],"product_tag":[],"class_list":{"0":"post-292192","1":"product","2":"type-product","3":"status-publish","4":"has-post-thumbnail","6":"product_cat-racks","8":"first","9":"instock","10":"taxable","11":"shipping-taxable","12":"purchasable","13":"product-type-simple"},"acf":[],"_links":{"self":[{"href":"https:\/\/megacase.com\/de\/wp-json\/wp\/v2\/product\/292192","targetHints":{"allow":["GET"]}}],"collection":[{"href":"https:\/\/megacase.com\/de\/wp-json\/wp\/v2\/product"}],"about":[{"href":"https:\/\/megacase.com\/de\/wp-json\/wp\/v2\/types\/product"}],"wp:featuredmedia":[{"embeddable":true,"href":"https:\/\/megacase.com\/de\/wp-json\/wp\/v2\/media\/292540"}],"wp:attachment":[{"href":"https:\/\/megacase.com\/de\/wp-json\/wp\/v2\/media?parent=292192"}],"wp:term":[{"taxonomy":"product_brand","embeddable":true,"href":"https:\/\/megacase.com\/de\/wp-json\/wp\/v2\/product_brand?post=292192"},{"taxonomy":"product_cat","embeddable":true,"href":"https:\/\/megacase.com\/de\/wp-json\/wp\/v2\/product_cat?post=292192"},{"taxonomy":"product_tag","embeddable":true,"href":"https:\/\/megacase.com\/de\/wp-json\/wp\/v2\/product_tag?post=292192"}],"curies":[{"name":"wp","href":"https:\/\/api.w.org\/{rel}","templated":true}]}}