{"id":292183,"date":"2026-03-18T14:11:37","date_gmt":"2026-03-18T13:11:37","guid":{"rendered":"https:\/\/megacase.com\/?post_type=product&#038;p=292183"},"modified":"2026-04-09T12:33:40","modified_gmt":"2026-04-09T10:33:40","slug":"5he-eco-wood-rack-40","status":"publish","type":"product","link":"https:\/\/megacase.com\/de\/produkt\/5he-eco-wood-rack-40\/","title":{"rendered":"5HE Eco Wood Rack 40"},"content":{"rendered":"<p>Einbauh\u00f6he 5HE<br \/>\nEinbautiefe 37cm<br \/>\n6,8 mm Multiplex<br \/>\nFarbe Phenolharz beschichtet braun<br \/>\n22x22mm \/ 25x25mm Aluprofil<br \/>\n2 Klappgriff<br \/>\n4 Schnappschl\u00f6sser<br \/>\nGummif\u00fc\u00dfe<br \/>\nStahlkugelecken<br \/>\nstufenlose Rackschiene incl. Befestigungsmaterial<br \/>\nAu\u00dfenma\u00df BxHxT ca. 535 x 273 x 506 mm<br \/>\nGewicht ca.8,1kg<\/p>\n","protected":false},"excerpt":{"rendered":"<p>Einbauh\u00f6he 5HE Einbautiefe 37cm 6,8 mm Multiplex Farbe Phenolharz beschichtet braun 22x22mm \/ 25x25mm Aluprofil 2 Klappgriff 4 Schnappschl\u00f6sser Gummif\u00fc\u00dfe<\/p>\n","protected":false},"featured_media":292628,"template":"","meta":{"_acf_changed":false},"product_brand":[],"product_cat":[13510],"product_tag":[],"class_list":{"0":"post-292183","1":"product","2":"type-product","3":"status-publish","4":"has-post-thumbnail","6":"product_cat-racks","8":"first","9":"instock","10":"taxable","11":"shipping-taxable","12":"purchasable","13":"product-type-simple"},"acf":[],"_links":{"self":[{"href":"https:\/\/megacase.com\/de\/wp-json\/wp\/v2\/product\/292183","targetHints":{"allow":["GET"]}}],"collection":[{"href":"https:\/\/megacase.com\/de\/wp-json\/wp\/v2\/product"}],"about":[{"href":"https:\/\/megacase.com\/de\/wp-json\/wp\/v2\/types\/product"}],"wp:featuredmedia":[{"embeddable":true,"href":"https:\/\/megacase.com\/de\/wp-json\/wp\/v2\/media\/292628"}],"wp:attachment":[{"href":"https:\/\/megacase.com\/de\/wp-json\/wp\/v2\/media?parent=292183"}],"wp:term":[{"taxonomy":"product_brand","embeddable":true,"href":"https:\/\/megacase.com\/de\/wp-json\/wp\/v2\/product_brand?post=292183"},{"taxonomy":"product_cat","embeddable":true,"href":"https:\/\/megacase.com\/de\/wp-json\/wp\/v2\/product_cat?post=292183"},{"taxonomy":"product_tag","embeddable":true,"href":"https:\/\/megacase.com\/de\/wp-json\/wp\/v2\/product_tag?post=292183"}],"curies":[{"name":"wp","href":"https:\/\/api.w.org\/{rel}","templated":true}]}}