{"id":292175,"date":"2026-03-18T13:59:41","date_gmt":"2026-03-18T12:59:41","guid":{"rendered":"https:\/\/megacase.com\/?post_type=product&#038;p=292175"},"modified":"2026-03-25T14:37:30","modified_gmt":"2026-03-25T13:37:30","slug":"2he-eco-wood-rack-40","status":"publish","type":"product","link":"https:\/\/megacase.com\/de\/produkt\/2he-eco-wood-rack-40\/","title":{"rendered":"2HE Eco Wood Rack 40"},"content":{"rendered":"<p>Die Eco Serie ist Ideal f\u00fcr kleine und leichte 19&#8243; Ger\u00e4te. <\/p>\n<p>Einbauh\u00f6he 2HE<br \/>\nEinbautiefe 37 cm<br \/>\nKorpustiefe 40 cm<br \/>\n6,8 mm Multiplex<br \/>\nFarbe braun<br \/>\n22&#215;22 mm \/ 25&#215;25 mm Aluprofil<br \/>\n2 Klappgriff<br \/>\n8 Schnappschl\u00f6sser<br \/>\nGummif\u00fc\u00dfe<br \/>\nStahlkugelecken<br \/>\nstufenlose Rackschiene incl. Befestigungsmaterial<\/p>\n<p>Au\u00dfenma\u00dfe (BxHxT) 535 x 148 x 506 mm<br \/>\nGewicht: 6,5 kg<\/p>\n","protected":false},"excerpt":{"rendered":"<p>Die Eco Serie ist Ideal f\u00fcr kleine und leichte 19&#8243; Ger\u00e4te. Einbauh\u00f6he 2HE Einbautiefe 37 cm Korpustiefe 40 cm 6,8<\/p>\n","protected":false},"featured_media":292708,"template":"","meta":{"_acf_changed":false},"product_brand":[],"product_cat":[13510],"product_tag":[],"class_list":{"0":"post-292175","1":"product","2":"type-product","3":"status-publish","4":"has-post-thumbnail","6":"product_cat-racks","8":"first","9":"instock","10":"taxable","11":"shipping-taxable","12":"purchasable","13":"product-type-simple"},"acf":[],"_links":{"self":[{"href":"https:\/\/megacase.com\/de\/wp-json\/wp\/v2\/product\/292175","targetHints":{"allow":["GET"]}}],"collection":[{"href":"https:\/\/megacase.com\/de\/wp-json\/wp\/v2\/product"}],"about":[{"href":"https:\/\/megacase.com\/de\/wp-json\/wp\/v2\/types\/product"}],"wp:featuredmedia":[{"embeddable":true,"href":"https:\/\/megacase.com\/de\/wp-json\/wp\/v2\/media\/292708"}],"wp:attachment":[{"href":"https:\/\/megacase.com\/de\/wp-json\/wp\/v2\/media?parent=292175"}],"wp:term":[{"taxonomy":"product_brand","embeddable":true,"href":"https:\/\/megacase.com\/de\/wp-json\/wp\/v2\/product_brand?post=292175"},{"taxonomy":"product_cat","embeddable":true,"href":"https:\/\/megacase.com\/de\/wp-json\/wp\/v2\/product_cat?post=292175"},{"taxonomy":"product_tag","embeddable":true,"href":"https:\/\/megacase.com\/de\/wp-json\/wp\/v2\/product_tag?post=292175"}],"curies":[{"name":"wp","href":"https:\/\/api.w.org\/{rel}","templated":true}]}}