{"id":292163,"date":"2026-03-18T13:36:02","date_gmt":"2026-03-18T12:36:02","guid":{"rendered":"https:\/\/megacase.com\/?post_type=product&#038;p=292163"},"modified":"2026-04-09T12:12:32","modified_gmt":"2026-04-09T10:12:32","slug":"18he-live-rack-45","status":"publish","type":"product","link":"https:\/\/megacase.com\/de\/produkt\/18he-live-rack-45\/","title":{"rendered":"18HE Live Rack 45"},"content":{"rendered":"<p>Die Vorderseite und auch R\u00fcckseite dieses Racks, sind durch acht Butterfly Verschl\u00fcsse gesichtert.<br \/>\nNutzh\u00f6he 18HE<br \/>\n45 cm Korpustiefe<br \/>\n42 cm Nutztiefe- speziell f\u00fcr Endstufen mit hoher Einbautiefe (the t.amp TA Serie)<br \/>\n6,8 mm Multiplex<br \/>\nFarbe braun<br \/>\n25&#215;25 mm Alukante<br \/>\n2 Deckel<br \/>\n8 gefederte Butterflyverschl\u00fcsse<br \/>\n4 Klappgriffe<br \/>\n4 Gummif\u00fc\u00dfe<br \/>\nstufenlose Rackschiene mit Gummikeder<br \/>\nincl. Schraubensatz<br \/>\nStahlkugelecken<\/p>\n<p>Au\u00dfenma\u00dfe ca. BxTxH  550x595x865 mm<br \/>\nGewicht ca. 19,5 kg<br \/>\nhergestellt in Deutschland<\/p>\n","protected":false},"excerpt":{"rendered":"<p>Die Vorderseite und auch R\u00fcckseite dieses Racks, sind durch acht Butterfly Verschl\u00fcsse gesichtert. Nutzh\u00f6he 18HE 45 cm Korpustiefe 42 cm<\/p>\n","protected":false},"featured_media":294174,"template":"","meta":{"_acf_changed":false},"product_brand":[],"product_cat":[13510],"product_tag":[],"class_list":{"0":"post-292163","1":"product","2":"type-product","3":"status-publish","4":"has-post-thumbnail","6":"product_cat-racks","8":"first","9":"instock","10":"taxable","11":"shipping-taxable","12":"purchasable","13":"product-type-simple"},"acf":[],"_links":{"self":[{"href":"https:\/\/megacase.com\/de\/wp-json\/wp\/v2\/product\/292163","targetHints":{"allow":["GET"]}}],"collection":[{"href":"https:\/\/megacase.com\/de\/wp-json\/wp\/v2\/product"}],"about":[{"href":"https:\/\/megacase.com\/de\/wp-json\/wp\/v2\/types\/product"}],"wp:featuredmedia":[{"embeddable":true,"href":"https:\/\/megacase.com\/de\/wp-json\/wp\/v2\/media\/294174"}],"wp:attachment":[{"href":"https:\/\/megacase.com\/de\/wp-json\/wp\/v2\/media?parent=292163"}],"wp:term":[{"taxonomy":"product_brand","embeddable":true,"href":"https:\/\/megacase.com\/de\/wp-json\/wp\/v2\/product_brand?post=292163"},{"taxonomy":"product_cat","embeddable":true,"href":"https:\/\/megacase.com\/de\/wp-json\/wp\/v2\/product_cat?post=292163"},{"taxonomy":"product_tag","embeddable":true,"href":"https:\/\/megacase.com\/de\/wp-json\/wp\/v2\/product_tag?post=292163"}],"curies":[{"name":"wp","href":"https:\/\/api.w.org\/{rel}","templated":true}]}}