{"id":292155,"date":"2026-03-18T13:18:50","date_gmt":"2026-03-18T12:18:50","guid":{"rendered":"https:\/\/megacase.com\/?post_type=product&#038;p=292155"},"modified":"2026-04-09T12:04:29","modified_gmt":"2026-04-09T10:04:29","slug":"15he-live-rack-45","status":"publish","type":"product","link":"https:\/\/megacase.com\/de\/produkt\/15he-live-rack-45\/","title":{"rendered":"15HE Live Rack 45"},"content":{"rendered":"<p>Das Rack ist mit Gummif\u00fc\u00dfen ausgestattet. Dadurch ist es auch f\u00fcr Festinstallationen gut geeignet.<br \/>\nUnd kann durch die Klappgriffen auch mal schnell zu einem Einsatzort getragen werden<\/p>\n<p>Double Door Live<br \/>\n15 HE Nutzh\u00f6he<br \/>\n45cm Korpustiefe<br \/>\n42cm Einbautiefe<br \/>\n2 Deckel<br \/>\n6,8 mm Multiplex<br \/>\nFarbe Phenolharz beschichtet braun<br \/>\n25 x 25mm Alukante<br \/>\n8 x gefederte Butterfly mittel<br \/>\n4 Klappgriffe mittel<br \/>\n4 Gummif\u00fc\u00dfe 38 x 25<br \/>\nstufenlose Rackschiene mit Gummikeder<br \/>\nincl. Schraubensatz<br \/>\nStahlkugelecken mittel<br \/>\nAu\u00dfenma\u00dfe: BxHxT 55x73x59,5<br \/>\nGewicht: ca 17,8  kg<\/p>\n","protected":false},"excerpt":{"rendered":"<p>Das Rack ist mit Gummif\u00fc\u00dfen ausgestattet. Dadurch ist es auch f\u00fcr Festinstallationen gut geeignet. Und kann durch die Klappgriffen auch<\/p>\n","protected":false},"featured_media":294354,"template":"","meta":{"_acf_changed":false},"product_brand":[],"product_cat":[13510],"product_tag":[],"class_list":{"0":"post-292155","1":"product","2":"type-product","3":"status-publish","4":"has-post-thumbnail","6":"product_cat-racks","8":"first","9":"instock","10":"taxable","11":"shipping-taxable","12":"purchasable","13":"product-type-simple"},"acf":[],"_links":{"self":[{"href":"https:\/\/megacase.com\/de\/wp-json\/wp\/v2\/product\/292155","targetHints":{"allow":["GET"]}}],"collection":[{"href":"https:\/\/megacase.com\/de\/wp-json\/wp\/v2\/product"}],"about":[{"href":"https:\/\/megacase.com\/de\/wp-json\/wp\/v2\/types\/product"}],"wp:featuredmedia":[{"embeddable":true,"href":"https:\/\/megacase.com\/de\/wp-json\/wp\/v2\/media\/294354"}],"wp:attachment":[{"href":"https:\/\/megacase.com\/de\/wp-json\/wp\/v2\/media?parent=292155"}],"wp:term":[{"taxonomy":"product_brand","embeddable":true,"href":"https:\/\/megacase.com\/de\/wp-json\/wp\/v2\/product_brand?post=292155"},{"taxonomy":"product_cat","embeddable":true,"href":"https:\/\/megacase.com\/de\/wp-json\/wp\/v2\/product_cat?post=292155"},{"taxonomy":"product_tag","embeddable":true,"href":"https:\/\/megacase.com\/de\/wp-json\/wp\/v2\/product_tag?post=292155"}],"curies":[{"name":"wp","href":"https:\/\/api.w.org\/{rel}","templated":true}]}}