{"id":292144,"date":"2026-03-19T13:37:46","date_gmt":"2026-03-19T12:37:46","guid":{"rendered":"https:\/\/megacase.com\/?post_type=product&#038;p=292144"},"modified":"2026-04-09T12:40:39","modified_gmt":"2026-04-09T10:40:39","slug":"2he-eco-ii-rack-36","status":"publish","type":"product","link":"https:\/\/megacase.com\/de\/produkt\/2he-eco-ii-rack-36\/","title":{"rendered":"2HE ECO II Rack 36"},"content":{"rendered":"<p>Eco Rackserie \u2013 leicht, robust und vielseitig. Die ideale L\u00f6sung f\u00fcr Musiker, Tontechniker und alle, die ihre 19-Zoll-Ger\u00e4te sicher, leicht und flexibel transportieren m\u00f6chten.<br \/>\nDie Eco Rackserie \u00fcberzeugt nicht nur durch ihren attraktiven Preis, sondern dank des Doppelsteg-Kunststoffes auch durch ihr besonders geringes Gewicht. <\/p>\n<p>Das Rack ist f\u00fcr alle 19-Zoll-Ger\u00e4te geeignet und bietet mit 2 H\u00f6heneinheiten (2 HE = 9\u202fcm Nutzh\u00f6he) ausreichend Platz f\u00fcr Endstufen, Effekte, Equalizer und andere g\u00e4ngige 19-Zoll-Komponenten, unabh\u00e4ngig von deren Einbautiefe.<br \/>\nDie Bauform des Flightcases erlaubt die Bedienung von beiden Seiten, w\u00e4hrend einzelne Komponenten m\u00fchelos getauscht werden k\u00f6nnen.<br \/>\nGeschlossen bietet das Rack einen optimalen Schutz beim Transport.<\/p>\n<p>Ausstattung:<br \/>\n7\u202fmm Doppelsteg-Kunststoff schwarz<br \/>\n22&#215;22 \/ 25&#215;25 mm Aluminiumprofil<br \/>\n8 L-Ecken medium<br \/>\n4 Schnappschl\u00f6sser mit \u00d6sen<br \/>\n1 Koffergriff<br \/>\n8 Stahlkugelecken klein<br \/>\n4 Gummif\u00fc\u00dfe<br \/>\nEinbautiefe 33 cm<br \/>\n2 stufenlos einstellbare Rackschienen inklusive Schraubensatz<\/p>\n<p>Hergestellt in Deutschland<br \/>\nAu\u00dfenma\u00dfe (B x H x T): 535 x 148 x 475\u202fmm<br \/>\nGewicht: 3,9\u202fkg<\/p>\n","protected":false},"excerpt":{"rendered":"<p>Eco Rackserie \u2013 leicht, robust und vielseitig. Die ideale L\u00f6sung f\u00fcr Musiker, Tontechniker und alle, die ihre 19-Zoll-Ger\u00e4te sicher, leicht<\/p>\n","protected":false},"featured_media":294486,"template":"","meta":{"_acf_changed":false},"product_brand":[],"product_cat":[13510],"product_tag":[],"class_list":{"0":"post-292144","1":"product","2":"type-product","3":"status-publish","4":"has-post-thumbnail","6":"product_cat-racks","8":"first","9":"instock","10":"taxable","11":"shipping-taxable","12":"purchasable","13":"product-type-simple"},"acf":[],"_links":{"self":[{"href":"https:\/\/megacase.com\/de\/wp-json\/wp\/v2\/product\/292144","targetHints":{"allow":["GET"]}}],"collection":[{"href":"https:\/\/megacase.com\/de\/wp-json\/wp\/v2\/product"}],"about":[{"href":"https:\/\/megacase.com\/de\/wp-json\/wp\/v2\/types\/product"}],"wp:featuredmedia":[{"embeddable":true,"href":"https:\/\/megacase.com\/de\/wp-json\/wp\/v2\/media\/294486"}],"wp:attachment":[{"href":"https:\/\/megacase.com\/de\/wp-json\/wp\/v2\/media?parent=292144"}],"wp:term":[{"taxonomy":"product_brand","embeddable":true,"href":"https:\/\/megacase.com\/de\/wp-json\/wp\/v2\/product_brand?post=292144"},{"taxonomy":"product_cat","embeddable":true,"href":"https:\/\/megacase.com\/de\/wp-json\/wp\/v2\/product_cat?post=292144"},{"taxonomy":"product_tag","embeddable":true,"href":"https:\/\/megacase.com\/de\/wp-json\/wp\/v2\/product_tag?post=292144"}],"curies":[{"name":"wp","href":"https:\/\/api.w.org\/{rel}","templated":true}]}}