{"id":292119,"date":"2026-03-19T09:26:33","date_gmt":"2026-03-19T08:26:33","guid":{"rendered":"https:\/\/megacase.com\/?post_type=product&#038;p=292119"},"modified":"2026-03-25T14:37:24","modified_gmt":"2026-03-25T13:37:24","slug":"8he-eco-19-koffer-mit-aufstellbaren-rackschienen-2","status":"publish","type":"product","link":"https:\/\/megacase.com\/de\/produkt\/8he-eco-19-koffer-mit-aufstellbaren-rackschienen-2\/","title":{"rendered":"8HE ECO 19&#8243; Koffer mit aufstellbaren Rackschienen"},"content":{"rendered":"<p>Dieser kompakte und robuste 19&#8243;-Rackkoffer mit 8 HE Einbautiefe ist ideal f\u00fcr den Einbau von Mischpulten und anderem 19&#8243;-Equipment.<br \/>\nDank durchdachter Konstruktion eignet er sich perfekt f\u00fcr den mobilen Einsatz sowie f\u00fcr feste Installationen.<\/p>\n<p>Die aufstellbare, stufenlos verstellbare Rackschiene erm\u00f6glicht eine komfortable Bedienposition des eingebauten Ger\u00e4ts.<br \/>\nDer abnehmbare Deckel sorgt f\u00fcr schnellen Zugriff und einfache Handhabung im Einsatz.<\/p>\n<p>Ausstattung:<br \/>\n6,8 mm Multiplex farbig beschichtet &#8211; Farbe aus unserer Farbkarte frei w\u00e4hlbar<br \/>\n22 \u00d7 22 mm Aluminiumkanten<br \/>\n4 L-Ecken medium<br \/>\n2 Schnappschl\u00f6sser mit \u00d6se<br \/>\n1 Koffergriff<br \/>\n4 Gummif\u00fc\u00dfe<br \/>\nAufstellbare, stufenlos verstellbare Rackschiene inkl. Befestigungsmaterial<br \/>\nEinbautiefe ab Rackschiene: 12 cm<br \/>\nAbnehmbarer Deckel<\/p>\n<p>Hergestellt in Deutschland<br \/>\nAu\u00dfenma\u00dfe (B \u00d7 H \u00d7 T): 55,3 \u00d7 39,6 \u00d7 20,2 cm<br \/>\nGewicht: ca. 5,6 kg<\/p>\n<p>** Hinweis:<br \/>\nBei 19&#8243;-Koffern empfiehlt es sich, 2 HE gr\u00f6\u00dfer zu w\u00e4hlen, um ausreichend Platz f\u00fcr die Anschl\u00fcsse und die Verkabelung des Mixers zu haben.<br \/>\nBeispiel: 6 HE Mixer \u2192 8 HE Koffer<\/p>\n","protected":false},"excerpt":{"rendered":"<p>Dieser kompakte und robuste 19&#8243;-Rackkoffer mit 8 HE Einbautiefe ist ideal f\u00fcr den Einbau von Mischpulten und anderem 19&#8243;-Equipment. Dank<\/p>\n","protected":false},"featured_media":293495,"template":"","meta":{"_acf_changed":false},"product_brand":[],"product_cat":[13504],"product_tag":[],"class_list":{"0":"post-292119","1":"product","2":"type-product","3":"status-publish","4":"has-post-thumbnail","6":"product_cat-koffer-cases","8":"first","9":"instock","10":"taxable","11":"shipping-taxable","12":"purchasable","13":"product-type-simple"},"acf":[],"_links":{"self":[{"href":"https:\/\/megacase.com\/de\/wp-json\/wp\/v2\/product\/292119","targetHints":{"allow":["GET"]}}],"collection":[{"href":"https:\/\/megacase.com\/de\/wp-json\/wp\/v2\/product"}],"about":[{"href":"https:\/\/megacase.com\/de\/wp-json\/wp\/v2\/types\/product"}],"wp:featuredmedia":[{"embeddable":true,"href":"https:\/\/megacase.com\/de\/wp-json\/wp\/v2\/media\/293495"}],"wp:attachment":[{"href":"https:\/\/megacase.com\/de\/wp-json\/wp\/v2\/media?parent=292119"}],"wp:term":[{"taxonomy":"product_brand","embeddable":true,"href":"https:\/\/megacase.com\/de\/wp-json\/wp\/v2\/product_brand?post=292119"},{"taxonomy":"product_cat","embeddable":true,"href":"https:\/\/megacase.com\/de\/wp-json\/wp\/v2\/product_cat?post=292119"},{"taxonomy":"product_tag","embeddable":true,"href":"https:\/\/megacase.com\/de\/wp-json\/wp\/v2\/product_tag?post=292119"}],"curies":[{"name":"wp","href":"https:\/\/api.w.org\/{rel}","templated":true}]}}