{"id":292113,"date":"2026-03-18T12:14:04","date_gmt":"2026-03-18T11:14:04","guid":{"rendered":"https:\/\/megacase.com\/?post_type=product&#038;p=292113"},"modified":"2026-03-25T14:37:33","modified_gmt":"2026-03-25T13:37:33","slug":"8he-live-rack-40","status":"publish","type":"product","link":"https:\/\/megacase.com\/de\/produkt\/8he-live-rack-40\/","title":{"rendered":"8HE Live Rack 40"},"content":{"rendered":"<p>Die Einbauh\u00f6he von 8HE gibt genug Platz um mehrere Ger\u00e4te in das Case zu montieren.<\/p>\n<p>Nutzh\u00f6he von 8HE<br \/>\n40 cm Korpustiefe<br \/>\n37 cm Nutztiefe<br \/>\n2 Deckel<br \/>\n6,8 mm Multiplex<br \/>\nFarbe Phenolharz beschichtet braun<br \/>\n25&#215;25 mm Alukante<br \/>\n4 gefederte Butterflyverschl\u00fcsse<br \/>\n2 Klappgriffe<br \/>\n4 Gummif\u00fc\u00dfe<br \/>\nstufenlose Rackschiene mit Gummikeder<br \/>\nincl. Schraubensatz<br \/>\nStahlkugelecken<br \/>\nHergestellt in Deutschland<br \/>\nAu\u00dfenma\u00dfe: BxHxT 550x415x545 mm<br \/>\nGewicht: 11,3 kg<\/p>\n","protected":false},"excerpt":{"rendered":"<p>Die Einbauh\u00f6he von 8HE gibt genug Platz um mehrere Ger\u00e4te in das Case zu montieren. Nutzh\u00f6he von 8HE 40 cm<\/p>\n","protected":false},"featured_media":294730,"template":"","meta":{"_acf_changed":false},"product_brand":[],"product_cat":[13510],"product_tag":[],"class_list":{"0":"post-292113","1":"product","2":"type-product","3":"status-publish","4":"has-post-thumbnail","6":"product_cat-racks","8":"first","9":"instock","10":"taxable","11":"shipping-taxable","12":"purchasable","13":"product-type-simple"},"acf":[],"_links":{"self":[{"href":"https:\/\/megacase.com\/de\/wp-json\/wp\/v2\/product\/292113","targetHints":{"allow":["GET"]}}],"collection":[{"href":"https:\/\/megacase.com\/de\/wp-json\/wp\/v2\/product"}],"about":[{"href":"https:\/\/megacase.com\/de\/wp-json\/wp\/v2\/types\/product"}],"wp:featuredmedia":[{"embeddable":true,"href":"https:\/\/megacase.com\/de\/wp-json\/wp\/v2\/media\/294730"}],"wp:attachment":[{"href":"https:\/\/megacase.com\/de\/wp-json\/wp\/v2\/media?parent=292113"}],"wp:term":[{"taxonomy":"product_brand","embeddable":true,"href":"https:\/\/megacase.com\/de\/wp-json\/wp\/v2\/product_brand?post=292113"},{"taxonomy":"product_cat","embeddable":true,"href":"https:\/\/megacase.com\/de\/wp-json\/wp\/v2\/product_cat?post=292113"},{"taxonomy":"product_tag","embeddable":true,"href":"https:\/\/megacase.com\/de\/wp-json\/wp\/v2\/product_tag?post=292113"}],"curies":[{"name":"wp","href":"https:\/\/api.w.org\/{rel}","templated":true}]}}