{"id":292102,"date":"2026-03-18T11:58:28","date_gmt":"2026-03-18T10:58:28","guid":{"rendered":"https:\/\/megacase.com\/?post_type=product&#038;p=292102"},"modified":"2026-04-09T11:51:00","modified_gmt":"2026-04-09T09:51:00","slug":"5he-live-rack-40","status":"publish","type":"product","link":"https:\/\/megacase.com\/de\/produkt\/5he-live-rack-40\/","title":{"rendered":"5HE Live Rack 40"},"content":{"rendered":"<p>Robustes Live Rack mit einer Einbauh\u00f6he von 5HE, Durch die Bauweise mit Butterfly-Verschl\u00fcssen ist es auch f\u00fcr h\u00e4rtere Eins\u00e4tze bestens geeignet. Die Korkustiefe von 40cm erlauben eine Einbautiefe ab Rackschiene von 37cm<\/p>\n<p>Nutzh\u00f6he 5HE<br \/>\n40 cm Korpustiefe<br \/>\n37 cm Nutztiefe<br \/>\n2 Deckel<br \/>\n6,8 mm Multiplex<br \/>\nFarbe Phenolharz beschichtet braun<br \/>\n25&#215;25 mm Alukante<br \/>\n4 gefederte Butterflyverschl\u00fcsse<br \/>\n2 Klappgriffe<br \/>\n4 Gummif\u00fc\u00dfe<br \/>\nstufenlose Rackschiene mit Gummikeder<br \/>\nincl. Schraubensatz<br \/>\nStahlkugelecken<br \/>\nAu\u00dfenma\u00dfe   BxHxT   550x280x545 mm<br \/>\nGewicht 9,7 kg<br \/>\nhergestellt in Deutschland<\/p>\n","protected":false},"excerpt":{"rendered":"<p>Robustes Live Rack mit einer Einbauh\u00f6he von 5HE, Durch die Bauweise mit Butterfly-Verschl\u00fcssen ist es auch f\u00fcr h\u00e4rtere Eins\u00e4tze bestens<\/p>\n","protected":false},"featured_media":294766,"template":"","meta":{"_acf_changed":false},"product_brand":[],"product_cat":[13510],"product_tag":[],"class_list":{"0":"post-292102","1":"product","2":"type-product","3":"status-publish","4":"has-post-thumbnail","6":"product_cat-racks","8":"first","9":"instock","10":"taxable","11":"shipping-taxable","12":"purchasable","13":"product-type-simple"},"acf":[],"_links":{"self":[{"href":"https:\/\/megacase.com\/de\/wp-json\/wp\/v2\/product\/292102","targetHints":{"allow":["GET"]}}],"collection":[{"href":"https:\/\/megacase.com\/de\/wp-json\/wp\/v2\/product"}],"about":[{"href":"https:\/\/megacase.com\/de\/wp-json\/wp\/v2\/types\/product"}],"wp:featuredmedia":[{"embeddable":true,"href":"https:\/\/megacase.com\/de\/wp-json\/wp\/v2\/media\/294766"}],"wp:attachment":[{"href":"https:\/\/megacase.com\/de\/wp-json\/wp\/v2\/media?parent=292102"}],"wp:term":[{"taxonomy":"product_brand","embeddable":true,"href":"https:\/\/megacase.com\/de\/wp-json\/wp\/v2\/product_brand?post=292102"},{"taxonomy":"product_cat","embeddable":true,"href":"https:\/\/megacase.com\/de\/wp-json\/wp\/v2\/product_cat?post=292102"},{"taxonomy":"product_tag","embeddable":true,"href":"https:\/\/megacase.com\/de\/wp-json\/wp\/v2\/product_tag?post=292102"}],"curies":[{"name":"wp","href":"https:\/\/api.w.org\/{rel}","templated":true}]}}