{"id":292101,"date":"2026-03-19T09:11:57","date_gmt":"2026-03-19T08:11:57","guid":{"rendered":"https:\/\/megacase.com\/?post_type=product&#038;p=292101"},"modified":"2026-04-09T13:13:42","modified_gmt":"2026-04-09T11:13:42","slug":"10he-eco-19-koffer-mit-aufstellbaren-rackschienen","status":"publish","type":"product","link":"https:\/\/megacase.com\/de\/produkt\/10he-eco-19-koffer-mit-aufstellbaren-rackschienen\/","title":{"rendered":"10HE ECO 19&#8243; Koffer mit aufstellbaren Rackschienen"},"content":{"rendered":"<p>Dieser kompakte und robuste 19&#8243;-Rackkoffer mit 10 HE Einbautiefe ist ideal f\u00fcr den Einbau von Mischpulten und anderem 19&#8243;-Equipment.<br \/>\nDank durchdachter Konstruktion eignet er sich perfekt f\u00fcr den mobilen Einsatz sowie f\u00fcr feste Installationen.<\/p>\n<p>Die aufstellbare, stufenlos verstellbare Rackschiene erm\u00f6glicht eine komfortable Bedienposition des eingebauten Ger\u00e4ts.<br \/>\nDer abnehmbare Deckel sorgt f\u00fcr schnellen Zugriff und einfache Handhabung im Einsatz.<\/p>\n<p>Ausstattung:<br \/>\n6,8 mm Multiplex phenolharzbeschichtet braun<br \/>\n22 \u00d7 22 mm Aluminiumkanten<br \/>\n4 L-Ecken medium<br \/>\n2 Schnappschl\u00f6sser mit \u00d6se<br \/>\n1 Koffergriff<br \/>\n4 Gummif\u00fc\u00dfe<br \/>\nAufstellbare, stufenlos verstellbare Rackschiene inkl. Befestigungsmaterial<br \/>\nEinbautiefe ab Rackschiene: 12 cm<br \/>\nAbnehmbarer Deckel<\/p>\n<p>Hergestellt in Deutschland<br \/>\nAu\u00dfenma\u00dfe (B \u00d7 H \u00d7 T): 55 \u00d7 20 \u00d7 48,5 cm<br \/>\nGewicht: ca. 6,4 kg<\/p>\n<p>** Hinweis:<br \/>\nBei 19&#8243;-Koffern empfiehlt es sich, 2 HE gr\u00f6\u00dfer zu w\u00e4hlen, um ausreichend Platz f\u00fcr die Anschl\u00fcsse und die Verkabelung des Mixers zu haben.<br \/>\nBeispiel: 8 HE Mixer \u2192 10 HE Koffer<\/p>\n","protected":false},"excerpt":{"rendered":"<p>Dieser kompakte und robuste 19&#8243;-Rackkoffer mit 10 HE Einbautiefe ist ideal f\u00fcr den Einbau von Mischpulten und anderem 19&#8243;-Equipment. Dank<\/p>\n","protected":false},"featured_media":293474,"template":"","meta":{"_acf_changed":false},"product_brand":[],"product_cat":[13504],"product_tag":[],"class_list":{"0":"post-292101","1":"product","2":"type-product","3":"status-publish","4":"has-post-thumbnail","6":"product_cat-koffer-cases","8":"first","9":"instock","10":"taxable","11":"shipping-taxable","12":"purchasable","13":"product-type-simple"},"acf":[],"_links":{"self":[{"href":"https:\/\/megacase.com\/de\/wp-json\/wp\/v2\/product\/292101","targetHints":{"allow":["GET"]}}],"collection":[{"href":"https:\/\/megacase.com\/de\/wp-json\/wp\/v2\/product"}],"about":[{"href":"https:\/\/megacase.com\/de\/wp-json\/wp\/v2\/types\/product"}],"wp:featuredmedia":[{"embeddable":true,"href":"https:\/\/megacase.com\/de\/wp-json\/wp\/v2\/media\/293474"}],"wp:attachment":[{"href":"https:\/\/megacase.com\/de\/wp-json\/wp\/v2\/media?parent=292101"}],"wp:term":[{"taxonomy":"product_brand","embeddable":true,"href":"https:\/\/megacase.com\/de\/wp-json\/wp\/v2\/product_brand?post=292101"},{"taxonomy":"product_cat","embeddable":true,"href":"https:\/\/megacase.com\/de\/wp-json\/wp\/v2\/product_cat?post=292101"},{"taxonomy":"product_tag","embeddable":true,"href":"https:\/\/megacase.com\/de\/wp-json\/wp\/v2\/product_tag?post=292101"}],"curies":[{"name":"wp","href":"https:\/\/api.w.org\/{rel}","templated":true}]}}