{"id":292093,"date":"2026-03-19T08:59:20","date_gmt":"2026-03-19T07:59:20","guid":{"rendered":"https:\/\/megacase.com\/?post_type=product&#038;p=292093"},"modified":"2026-04-09T13:20:50","modified_gmt":"2026-04-09T11:20:50","slug":"cd-player-case-pioneer-cdj-3000-3","status":"publish","type":"product","link":"https:\/\/megacase.com\/de\/produkt\/cd-player-case-pioneer-cdj-3000-3\/","title":{"rendered":"CD Player Case Pioneer CDJ-3000"},"content":{"rendered":"<p>Dieses hochwertige Flightcase wurde speziell f\u00fcr den Pioneer CDJ-3000 entwickelt und bietet optimalen Schutz sowie maximale Funktionalit\u00e4t im mobilen Einsatz.<br \/>\nDas Ger\u00e4t kann direkt im Case betrieben werden &#8211; alle Anschl\u00fcsse bleiben bei ge\u00f6ffnetem Deckel frei zug\u00e4nglich. Ein integrierter 10 cm Kabelkanal sorgt f\u00fcr eine saubere und sichere Kabelf\u00fchrung. Die ma\u00dfgefertigte Schaumstoffpolsterung im Boden und im Deckel gew\u00e4hrleistet einen festen Sitz und sch\u00fctzt den Player zuverl\u00e4ssig vor St\u00f6\u00dfen und Ersch\u00fctterungen.<\/p>\n<p>Ausstattung:<br \/>\n6,8 mm Multiplex Phenol braun<br \/>\n25&#215;25 mm Aluminiumprofil<br \/>\n2 Butterfly Verschl\u00fcsse mittel<br \/>\n1 Koffergriff<br \/>\n8 Stahlkugelecken mittel<br \/>\n4 Gummif\u00fc\u00dfe<br \/>\nSchaumstoffpolsterung<\/p>\n<p>** Hinweis: abgebildete Ger\u00e4te dienen nur der Veranschaulichung und sind KEIN Bestandteil des Angebotes.<\/p>\n<p>Hergestellt in Deutschland<br \/>\nAu\u00dfenma\u00dfe BxTxH  410 x 565 x 220 mm<br \/>\nGewicht. 5,9 kg \/ mit Player 11,4 kg<\/p>\n","protected":false},"excerpt":{"rendered":"<p>Dieses hochwertige Flightcase wurde speziell f\u00fcr den Pioneer CDJ-3000 entwickelt und bietet optimalen Schutz sowie maximale Funktionalit\u00e4t im mobilen Einsatz.<\/p>\n","protected":false},"featured_media":293259,"template":"","meta":{"_acf_changed":false},"product_brand":[],"product_cat":[13493,15996],"product_tag":[],"class_list":{"0":"post-292093","1":"product","2":"type-product","3":"status-publish","4":"has-post-thumbnail","6":"product_cat-dj-equipment-cases","7":"product_cat-cases-fuer-recording","9":"first","10":"instock","11":"taxable","12":"shipping-taxable","13":"purchasable","14":"product-type-simple"},"acf":[],"_links":{"self":[{"href":"https:\/\/megacase.com\/de\/wp-json\/wp\/v2\/product\/292093","targetHints":{"allow":["GET"]}}],"collection":[{"href":"https:\/\/megacase.com\/de\/wp-json\/wp\/v2\/product"}],"about":[{"href":"https:\/\/megacase.com\/de\/wp-json\/wp\/v2\/types\/product"}],"wp:featuredmedia":[{"embeddable":true,"href":"https:\/\/megacase.com\/de\/wp-json\/wp\/v2\/media\/293259"}],"wp:attachment":[{"href":"https:\/\/megacase.com\/de\/wp-json\/wp\/v2\/media?parent=292093"}],"wp:term":[{"taxonomy":"product_brand","embeddable":true,"href":"https:\/\/megacase.com\/de\/wp-json\/wp\/v2\/product_brand?post=292093"},{"taxonomy":"product_cat","embeddable":true,"href":"https:\/\/megacase.com\/de\/wp-json\/wp\/v2\/product_cat?post=292093"},{"taxonomy":"product_tag","embeddable":true,"href":"https:\/\/megacase.com\/de\/wp-json\/wp\/v2\/product_tag?post=292093"}],"curies":[{"name":"wp","href":"https:\/\/api.w.org\/{rel}","templated":true}]}}