{"id":292082,"date":"2026-03-19T08:45:25","date_gmt":"2026-03-19T07:45:25","guid":{"rendered":"https:\/\/megacase.com\/?post_type=product&#038;p=292082"},"modified":"2026-04-09T14:16:28","modified_gmt":"2026-04-09T12:16:28","slug":"kabelkoffer-zubehoerkoffer-phenol-buko","status":"publish","type":"product","link":"https:\/\/megacase.com\/de\/produkt\/kabelkoffer-zubehoerkoffer-phenol-buko\/","title":{"rendered":"Kabelkoffer 54x21x33 phenol"},"content":{"rendered":"<p>Dieser Zubeh\u00f6rkoffer ist ein echter Klassiker und vielseitig einsetzbar. Ob Kabel, Werkzeug, Traversen-Elemente oder weiteres Equipment &#8211; in dieser Transportbox findet alles seinen Platz.<\/p>\n<p>Das Flightcase \u00fcberzeugt durch seine extrem robuste und strapazierf\u00e4hige Bauweise sowie ein zeitloses, funktionales Design. Ideal f\u00fcr den t\u00e4glichen Einsatz in Veranstaltungstechnik, Handwerk oder Industrie.<\/p>\n<p>Gefertigt aus hochwertigem Multiplex-Holz bietet der Koffer zuverl\u00e4ssigen Schutz auch unter anspruchsvollen Bedingungen.<br \/>\nStabile Aluminiumkanten und langlebige Beschl\u00e4ge sorgen f\u00fcr zus\u00e4tzliche Stabilit\u00e4t und eine lange Lebensdauer.<\/p>\n<p>Ausstattung:<br \/>\n6,8 mm Multiplex Phenolbeschichtet braun<br \/>\n25&#215;25 mm Aluminiumprofil<br \/>\n4 L-Ecken medium<br \/>\n2 Schnappschl\u00f6sser mit \u00d6se<br \/>\n2 Feststellscharniere gro\u00df<br \/>\n1 Koffergriff<br \/>\n8 Stahlkugelecken mittel<\/p>\n<p>Hergestellt in Deutschland<br \/>\nInnenma\u00df BxHxT 54,5x21x33,5 cm<br \/>\nAu\u00dfenma\u00dfe: BxTxH 585x375x245 mm<br \/>\nGewicht: 6 kg<\/p>\n","protected":false},"excerpt":{"rendered":"<p>Dieser Zubeh\u00f6rkoffer ist ein echter Klassiker und vielseitig einsetzbar. Ob Kabel, Werkzeug, Traversen-Elemente oder weiteres Equipment &#8211; in dieser Transportbox<\/p>\n","protected":false},"featured_media":293045,"template":"","meta":{"_acf_changed":false},"product_brand":[],"product_cat":[13504],"product_tag":[],"class_list":{"0":"post-292082","1":"product","2":"type-product","3":"status-publish","4":"has-post-thumbnail","6":"product_cat-koffer-cases","8":"first","9":"instock","10":"taxable","11":"shipping-taxable","12":"purchasable","13":"product-type-simple"},"acf":[],"_links":{"self":[{"href":"https:\/\/megacase.com\/de\/wp-json\/wp\/v2\/product\/292082","targetHints":{"allow":["GET"]}}],"collection":[{"href":"https:\/\/megacase.com\/de\/wp-json\/wp\/v2\/product"}],"about":[{"href":"https:\/\/megacase.com\/de\/wp-json\/wp\/v2\/types\/product"}],"wp:featuredmedia":[{"embeddable":true,"href":"https:\/\/megacase.com\/de\/wp-json\/wp\/v2\/media\/293045"}],"wp:attachment":[{"href":"https:\/\/megacase.com\/de\/wp-json\/wp\/v2\/media?parent=292082"}],"wp:term":[{"taxonomy":"product_brand","embeddable":true,"href":"https:\/\/megacase.com\/de\/wp-json\/wp\/v2\/product_brand?post=292082"},{"taxonomy":"product_cat","embeddable":true,"href":"https:\/\/megacase.com\/de\/wp-json\/wp\/v2\/product_cat?post=292082"},{"taxonomy":"product_tag","embeddable":true,"href":"https:\/\/megacase.com\/de\/wp-json\/wp\/v2\/product_tag?post=292082"}],"curies":[{"name":"wp","href":"https:\/\/api.w.org\/{rel}","templated":true}]}}