{"id":292068,"date":"2026-03-18T09:43:57","date_gmt":"2026-03-18T08:43:57","guid":{"rendered":"https:\/\/megacase.com\/?post_type=product&#038;p=292068"},"modified":"2026-04-09T11:48:45","modified_gmt":"2026-04-09T09:48:45","slug":"4he-live-rack-40-2","status":"publish","type":"product","link":"https:\/\/megacase.com\/de\/produkt\/4he-live-rack-40-2\/","title":{"rendered":"4HE Live Rack 40"},"content":{"rendered":"<p>Das perfekte Rack f\u00fcr kleine Effekte und Verst\u00e4rker. Die Einbauh\u00f6he ist hier bei 4HE. Der kompakte Korpus von 40cm l\u00e4sst eine Einbautiefe ab Rackschiene von 37cm zu.<\/p>\n<p>Nutzh\u00f6he 4HE<br \/>\n37 cm Einbautiefe<br \/>\n40 cm Korpustiefe<br \/>\n2 Deckel<br \/>\n6,8 mm Multiplex<br \/>\nFarbe braun<br \/>\n25&#215;25 mm Alukante<br \/>\n4 gefederte Butterflyverschl\u00fcsse<br \/>\n2 Klappgriffe<br \/>\n4 Gummif\u00fc\u00dfe<br \/>\nstufenlose Rackschiene mit Gummikeder<br \/>\nincl. Schraubensatz<br \/>\nStahlkugelecken<br \/>\nAu\u00dfenma\u00dfe BxHxT 555x550x230 mm<br \/>\nGewicht  8,7 kg<\/p>\n","protected":false},"excerpt":{"rendered":"<p>Das perfekte Rack f\u00fcr kleine Effekte und Verst\u00e4rker. Die Einbauh\u00f6he ist hier bei 4HE. Der kompakte Korpus von 40cm l\u00e4sst<\/p>\n","protected":false},"featured_media":294850,"template":"","meta":{"_acf_changed":false},"product_brand":[],"product_cat":[13510],"product_tag":[],"class_list":{"0":"post-292068","1":"product","2":"type-product","3":"status-publish","4":"has-post-thumbnail","6":"product_cat-racks","8":"first","9":"instock","10":"taxable","11":"shipping-taxable","12":"purchasable","13":"product-type-simple"},"acf":[],"_links":{"self":[{"href":"https:\/\/megacase.com\/de\/wp-json\/wp\/v2\/product\/292068","targetHints":{"allow":["GET"]}}],"collection":[{"href":"https:\/\/megacase.com\/de\/wp-json\/wp\/v2\/product"}],"about":[{"href":"https:\/\/megacase.com\/de\/wp-json\/wp\/v2\/types\/product"}],"wp:featuredmedia":[{"embeddable":true,"href":"https:\/\/megacase.com\/de\/wp-json\/wp\/v2\/media\/294850"}],"wp:attachment":[{"href":"https:\/\/megacase.com\/de\/wp-json\/wp\/v2\/media?parent=292068"}],"wp:term":[{"taxonomy":"product_brand","embeddable":true,"href":"https:\/\/megacase.com\/de\/wp-json\/wp\/v2\/product_brand?post=292068"},{"taxonomy":"product_cat","embeddable":true,"href":"https:\/\/megacase.com\/de\/wp-json\/wp\/v2\/product_cat?post=292068"},{"taxonomy":"product_tag","embeddable":true,"href":"https:\/\/megacase.com\/de\/wp-json\/wp\/v2\/product_tag?post=292068"}],"curies":[{"name":"wp","href":"https:\/\/api.w.org\/{rel}","templated":true}]}}