{"id":292055,"date":"2026-03-19T08:39:02","date_gmt":"2026-03-19T07:39:02","guid":{"rendered":"https:\/\/megacase.com\/?post_type=product&#038;p=292055"},"modified":"2026-03-25T14:37:26","modified_gmt":"2026-03-25T13:37:26","slug":"koffer-traversenverbinder-48-96-und-zubehoer","status":"publish","type":"product","link":"https:\/\/megacase.com\/de\/produkt\/koffer-traversenverbinder-48-96-und-zubehoer\/","title":{"rendered":"Koffer Traversenverbinder 48\/96 und Zubeh\u00f6r"},"content":{"rendered":"<p>Dieser robuste Transportkoffer wurde speziell f\u00fcr die sichere und \u00fcbersichtliche Aufbewahrung von Traversenverbindern und Zubeh\u00f6r konzipiert.<br \/>\nEr bietet Platz f\u00fcr 48 konische Traversenverbinder sowie 96 Stahlbolzen und sorgt daf\u00fcr, dass alle Komponenten ordentlich verstaut und schnell griffbereit sind.<\/p>\n<p>Zus\u00e4tzliche F\u00e4cher f\u00fcr R-Clips und einen Hammer erm\u00f6glichen eine durchdachte Organisation und erleichtern den Arbeitsalltag im B\u00fchnen- und Veranstaltungsbereich.<br \/>\nEine Schaumstoffpolsterung im Deckel sch\u00fctzt den Inhalt zuverl\u00e4ssig w\u00e4hrend des Transports.<\/p>\n<p>Ausstattung:<br \/>\n6,8 mm Multiplex Phenolharz beschichtet braun<br \/>\n25&#215;25 mm Aluminiumprofil<br \/>\n8 L-Ecken<br \/>\n2 Butterfly Verschl\u00fcsse mittel<br \/>\n2 Feststellscharniere gro\u00df<br \/>\n1 Ledergriff<br \/>\n4 Kugelecke mittel ungekr\u00f6pft<br \/>\n4 Kugelecken stapelbar (unten)<br \/>\nSchaumstoffpolsterung<\/p>\n<p>Hergestellt in Deutschland<br \/>\nAu\u00dfenma\u00df  BxTxH ca. 540x530x160 mm<br \/>\nGewicht: 9,1 kg<\/p>\n","protected":false},"excerpt":{"rendered":"<p>Dieser robuste Transportkoffer wurde speziell f\u00fcr die sichere und \u00fcbersichtliche Aufbewahrung von Traversenverbindern und Zubeh\u00f6r konzipiert. Er bietet Platz f\u00fcr<\/p>\n","protected":false},"featured_media":292973,"template":"","meta":{"_acf_changed":false},"product_brand":[],"product_cat":[13512,16313],"product_tag":[],"class_list":{"0":"post-292055","1":"product","2":"type-product","3":"status-publish","4":"has-post-thumbnail","6":"product_cat-case-zubehoer","7":"product_cat-zubehoer-bauteile","9":"first","10":"instock","11":"taxable","12":"shipping-taxable","13":"purchasable","14":"product-type-simple"},"acf":[],"_links":{"self":[{"href":"https:\/\/megacase.com\/de\/wp-json\/wp\/v2\/product\/292055","targetHints":{"allow":["GET"]}}],"collection":[{"href":"https:\/\/megacase.com\/de\/wp-json\/wp\/v2\/product"}],"about":[{"href":"https:\/\/megacase.com\/de\/wp-json\/wp\/v2\/types\/product"}],"wp:featuredmedia":[{"embeddable":true,"href":"https:\/\/megacase.com\/de\/wp-json\/wp\/v2\/media\/292973"}],"wp:attachment":[{"href":"https:\/\/megacase.com\/de\/wp-json\/wp\/v2\/media?parent=292055"}],"wp:term":[{"taxonomy":"product_brand","embeddable":true,"href":"https:\/\/megacase.com\/de\/wp-json\/wp\/v2\/product_brand?post=292055"},{"taxonomy":"product_cat","embeddable":true,"href":"https:\/\/megacase.com\/de\/wp-json\/wp\/v2\/product_cat?post=292055"},{"taxonomy":"product_tag","embeddable":true,"href":"https:\/\/megacase.com\/de\/wp-json\/wp\/v2\/product_tag?post=292055"}],"curies":[{"name":"wp","href":"https:\/\/api.w.org\/{rel}","templated":true}]}}