{"id":292034,"date":"2026-03-19T08:25:09","date_gmt":"2026-03-19T07:25:09","guid":{"rendered":"https:\/\/megacase.com\/?post_type=product&#038;p=292034"},"modified":"2026-03-25T14:37:26","modified_gmt":"2026-03-25T13:37:26","slug":"zubehoercase-150-x-30-x-30-cm","status":"publish","type":"product","link":"https:\/\/megacase.com\/de\/produkt\/zubehoercase-150-x-30-x-30-cm\/","title":{"rendered":"Zubeh\u00f6rcase 150 \u00d7 30 \u00d7 30 cm"},"content":{"rendered":"<p>Schluss mit Kabelsalat und losen Einzelteilen \u2013 dieses robuste Zubeh\u00f6rcase sorgt f\u00fcr Ordnung und \u00dcbersicht bei Transport und Lagerung. Ideal f\u00fcr Kabel, Werkzeuge und technisches Zubeh\u00f6r.<\/p>\n<p>Dank optional erh\u00e4ltlichem Trennwandset (Art. 251847) l\u00e4sst sich der Innenraum individuell anpassen und optimal strukturieren. So bleibt alles an seinem Platz und ist jederzeit schnell griffbereit.<\/p>\n<p>Ausstattung:<br \/>\n6,8 mm Multiplex Phenolharz beschichtet braun<br \/>\n30&#215;30 mm Aluminiumprofil<br \/>\n4 L-Ecken medium<br \/>\n2 gefederte Butterfly Verschl\u00fcsse mittel<br \/>\n4 Feststellscharniere gro\u00df<br \/>\n2 Klappgriffe medium<br \/>\n4 Stahlkugelecken<br \/>\n4 Stahlkugelecken stapelbar unten<\/p>\n<p>Hergestellt in Deutschland<br \/>\nAu\u00dfenma\u00dfe: ( BxHxT ) 154x34x34cm<br \/>\nGewicht:  15kg<\/p>\n","protected":false},"excerpt":{"rendered":"<p>Schluss mit Kabelsalat und losen Einzelteilen \u2013 dieses robuste Zubeh\u00f6rcase sorgt f\u00fcr Ordnung und \u00dcbersicht bei Transport und Lagerung. Ideal<\/p>\n","protected":false},"featured_media":292820,"template":"","meta":{"_acf_changed":false},"product_brand":[],"product_cat":[13508,13509,13512],"product_tag":[],"class_list":{"0":"post-292034","1":"product","2":"type-product","3":"status-publish","4":"has-post-thumbnail","6":"product_cat-universal-flightcases","7":"product_cat-truhen-cases","8":"product_cat-case-zubehoer","10":"first","11":"instock","12":"taxable","13":"shipping-taxable","14":"purchasable","15":"product-type-simple"},"acf":[],"_links":{"self":[{"href":"https:\/\/megacase.com\/de\/wp-json\/wp\/v2\/product\/292034","targetHints":{"allow":["GET"]}}],"collection":[{"href":"https:\/\/megacase.com\/de\/wp-json\/wp\/v2\/product"}],"about":[{"href":"https:\/\/megacase.com\/de\/wp-json\/wp\/v2\/types\/product"}],"wp:featuredmedia":[{"embeddable":true,"href":"https:\/\/megacase.com\/de\/wp-json\/wp\/v2\/media\/292820"}],"wp:attachment":[{"href":"https:\/\/megacase.com\/de\/wp-json\/wp\/v2\/media?parent=292034"}],"wp:term":[{"taxonomy":"product_brand","embeddable":true,"href":"https:\/\/megacase.com\/de\/wp-json\/wp\/v2\/product_brand?post=292034"},{"taxonomy":"product_cat","embeddable":true,"href":"https:\/\/megacase.com\/de\/wp-json\/wp\/v2\/product_cat?post=292034"},{"taxonomy":"product_tag","embeddable":true,"href":"https:\/\/megacase.com\/de\/wp-json\/wp\/v2\/product_tag?post=292034"}],"curies":[{"name":"wp","href":"https:\/\/api.w.org\/{rel}","templated":true}]}}