{"id":292029,"date":"2026-03-19T08:21:59","date_gmt":"2026-03-19T07:21:59","guid":{"rendered":"https:\/\/megacase.com\/?post_type=product&#038;p=292029"},"modified":"2026-03-25T14:37:27","modified_gmt":"2026-03-25T13:37:27","slug":"transporttruhe-fuer-behringer-x-air-xr16-xr18","status":"publish","type":"product","link":"https:\/\/megacase.com\/de\/produkt\/transporttruhe-fuer-behringer-x-air-xr16-xr18\/","title":{"rendered":"Transporttruhe f\u00fcr Behringer X Air XR16 \/ XR18"},"content":{"rendered":"<p>Diese hochwertige Transporttruhe wurde speziell f\u00fcr das Digitalmischpult Behringer X Air XR16 \/ XR18 entwickelt und bietet optimalen Schutz sowie maximale Funktionalit\u00e4t im mobilen Einsatz.<\/p>\n<p>Der Mixer kann direkt im Case betrieben werden, ohne ihn herausnehmen zu m\u00fcssen \u2013 alle Anschl\u00fcsse bleiben jederzeit frei zug\u00e4nglich. Eine passgenaue Schaumstoffpolsterung sorgt f\u00fcr sicheren Halt und sch\u00fctzt zuverl\u00e4ssig vor St\u00f6\u00dfen und Ersch\u00fctterungen. Zus\u00e4tzlich ist ein gepolsterter Kabelkanal integriert, der eine saubere und sichere Kabelf\u00fchrung erm\u00f6glicht.<\/p>\n<p>Ausstattung:<br \/>\n6,8 mm Multiplex Holz Phenolharz beschichtet braun<br \/>\n22&#215;22 mm Aluminiumprofil<br \/>\n4 L-Ecken medium<br \/>\n2 Butterfly Verschl\u00fcsse mini<br \/>\n1 Riemengriff<br \/>\n8 Stahlkugelecken klein<br \/>\n4 Gummif\u00fc\u00dfe 25&#215;15 mm<br \/>\nSchaumstoffpolsterung<\/p>\n<p>** Hinweis: abgebildete Ger\u00e4te dienen nur der Veranschaulichung und sind KEIN Bestandteil des Angebotes.<\/p>\n<p>Hergestellt in Deutschland<br \/>\nAu\u00dfenma\u00dfe BxTxH 480x190x210 mm<br \/>\nGewicht: 3,3 kg<\/p>\n","protected":false},"excerpt":{"rendered":"<p>Diese hochwertige Transporttruhe wurde speziell f\u00fcr das Digitalmischpult Behringer X Air XR16 \/ XR18 entwickelt und bietet optimalen Schutz sowie<\/p>\n","protected":false},"featured_media":292772,"template":"","meta":{"_acf_changed":false},"product_brand":[],"product_cat":[13495],"product_tag":[],"class_list":{"0":"post-292029","1":"product","2":"type-product","3":"status-publish","4":"has-post-thumbnail","6":"product_cat-mischpult-cases","8":"first","9":"instock","10":"taxable","11":"shipping-taxable","12":"purchasable","13":"product-type-simple"},"acf":[],"_links":{"self":[{"href":"https:\/\/megacase.com\/de\/wp-json\/wp\/v2\/product\/292029","targetHints":{"allow":["GET"]}}],"collection":[{"href":"https:\/\/megacase.com\/de\/wp-json\/wp\/v2\/product"}],"about":[{"href":"https:\/\/megacase.com\/de\/wp-json\/wp\/v2\/types\/product"}],"wp:featuredmedia":[{"embeddable":true,"href":"https:\/\/megacase.com\/de\/wp-json\/wp\/v2\/media\/292772"}],"wp:attachment":[{"href":"https:\/\/megacase.com\/de\/wp-json\/wp\/v2\/media?parent=292029"}],"wp:term":[{"taxonomy":"product_brand","embeddable":true,"href":"https:\/\/megacase.com\/de\/wp-json\/wp\/v2\/product_brand?post=292029"},{"taxonomy":"product_cat","embeddable":true,"href":"https:\/\/megacase.com\/de\/wp-json\/wp\/v2\/product_cat?post=292029"},{"taxonomy":"product_tag","embeddable":true,"href":"https:\/\/megacase.com\/de\/wp-json\/wp\/v2\/product_tag?post=292029"}],"curies":[{"name":"wp","href":"https:\/\/api.w.org\/{rel}","templated":true}]}}