{"id":291555,"date":"2026-03-10T11:56:57","date_gmt":"2026-03-10T10:56:57","guid":{"rendered":"https:\/\/megacase.com\/?post_type=product&#038;p=291555"},"modified":"2026-03-25T14:37:36","modified_gmt":"2026-03-25T13:37:36","slug":"truhencase-apelabs-neon-tubes-6in1","status":"publish","type":"product","link":"https:\/\/megacase.com\/de\/produkt\/truhencase-apelabs-neon-tubes-6in1\/","title":{"rendered":"Truhencase ApeLabs Neon Tubes 6in1"},"content":{"rendered":"<p>Robustes Truhencase aus schwarzem Polyboard, ausgestattet mit 4 Lenkrollen, davon 2 gebremst.<\/p>\n<p>Der Innenraum verf\u00fcgt \u00fcber eine passgenaue Schaumstoffpolsterung f\u00fcr 6 ApeLabs Neon Tubes<br \/>\ninklusive ApeLabs Connect, Antennen und Fernbedienung.<br \/>\nZus\u00e4tzlich befindet sich auf der linken Seite ein 150 mm breites, gepolstertes Fach.<br \/>\nDer Deckel ist mit 4 Radmulden sowie einer Tourlabelschale ausgestattet.<\/p>\n<p>Austattung:<br \/>\n6,5 mm Polyboard schwarz<br \/>\n30 x 30 mm Aluminiumprofil<br \/>\n4 L-Ecken medium<br \/>\n3 Butterfly mittel<br \/>\n4 Feststellscharnier gro\u00df<br \/>\n4 Klappgriff medium<br \/>\n8 Stahlkugelecken mittel<br \/>\n4 Radmulden<br \/>\n1 Tourlabelschale<br \/>\nSchaumstoffpolsterung<\/p>\n<p>**Hinweis: abgebildete Ger\u00e4te dienen nur der Veranschaulichung und sind KEIN Bestandteil des Angebotes.<\/p>\n<p>hergestellt in Deutschland<br \/>\nAu\u00dfenma\u00dfe: BxTxH 1474 x 553 x 380 mm<br \/>\nGewicht:  25 kg<\/p>\n","protected":false},"excerpt":{"rendered":"<p>Robustes Truhencase aus schwarzem Polyboard, ausgestattet mit 4 Lenkrollen, davon 2 gebremst. Der Innenraum verf\u00fcgt \u00fcber eine passgenaue Schaumstoffpolsterung f\u00fcr<\/p>\n","protected":false},"featured_media":291648,"template":"","meta":{"_acf_changed":false},"product_brand":[],"product_cat":[15043,13627],"product_tag":[],"class_list":{"0":"post-291555","1":"product","2":"type-product","3":"status-publish","4":"has-post-thumbnail","6":"product_cat-uncategorized-de","7":"product_cat-lichtcases","9":"first","10":"instock","11":"taxable","12":"shipping-taxable","13":"purchasable","14":"product-type-simple"},"acf":[],"_links":{"self":[{"href":"https:\/\/megacase.com\/de\/wp-json\/wp\/v2\/product\/291555","targetHints":{"allow":["GET"]}}],"collection":[{"href":"https:\/\/megacase.com\/de\/wp-json\/wp\/v2\/product"}],"about":[{"href":"https:\/\/megacase.com\/de\/wp-json\/wp\/v2\/types\/product"}],"wp:featuredmedia":[{"embeddable":true,"href":"https:\/\/megacase.com\/de\/wp-json\/wp\/v2\/media\/291648"}],"wp:attachment":[{"href":"https:\/\/megacase.com\/de\/wp-json\/wp\/v2\/media?parent=291555"}],"wp:term":[{"taxonomy":"product_brand","embeddable":true,"href":"https:\/\/megacase.com\/de\/wp-json\/wp\/v2\/product_brand?post=291555"},{"taxonomy":"product_cat","embeddable":true,"href":"https:\/\/megacase.com\/de\/wp-json\/wp\/v2\/product_cat?post=291555"},{"taxonomy":"product_tag","embeddable":true,"href":"https:\/\/megacase.com\/de\/wp-json\/wp\/v2\/product_tag?post=291555"}],"curies":[{"name":"wp","href":"https:\/\/api.w.org\/{rel}","templated":true}]}}