{"id":291494,"date":"2026-03-10T11:10:35","date_gmt":"2026-03-10T10:10:35","guid":{"rendered":"https:\/\/megacase.com\/?post_type=product&#038;p=291494"},"modified":"2026-03-25T14:37:36","modified_gmt":"2026-03-25T13:37:36","slug":"mixercase-pioneer-djm-900-nxs2-color","status":"publish","type":"product","link":"https:\/\/megacase.com\/de\/produkt\/mixercase-pioneer-djm-900-nxs2-color\/","title":{"rendered":"Mixercase Pioneer DJM-900 NXS2 Color"},"content":{"rendered":"<p>Mixercase Pioneer DJM-900 NXS2 Color<\/p>\n<p>Dieses Haubencase ist speziell f\u00fcr den Pioneer DJM-900 NXS2 konstruiert. Bei geschlossenem Deckel sitzt der Mixer sicher und ohne zu wackeln im Case.<\/p>\n<p>Im ge\u00f6ffneten Zustand kann das Ger\u00e4t direkt im Case betrieben werden. Der Innenbereich ist mit passgenauer Schaumstoffpolsterung im Boden sowie im Deckel ausgestattet, um optimalen Schutz zu gew\u00e4hrleisten.<\/p>\n<p>Zus\u00e4tzlich verf\u00fcgt das Case \u00fcber einen 9 cm Kabelkanal f\u00fcr eine saubere und praktische Kabelf\u00fchrung.<\/p>\n<p>Austattung:<br \/>\n6,8 mm Multiplex farbig beschichtet<br \/>\n&#8211; Farbe aus unserer Farbkarte frei w\u00e4hlbar<br \/>\n25&#215;25 mm Aluminiumprofil<br \/>\n4 L-Ecke medium<br \/>\n2 Butterfly Verschl\u00fcsse mittel<br \/>\n1 Koffergriff<br \/>\n8 Stahlkugelecken mittel<br \/>\n4 Gummif\u00fc\u00dfe<\/p>\n<p>** Hinweis: Abgebildete Ger\u00e4te und Instrumente dienen lediglich der Veranschaulichung und sind KEIN Bestandteil des Angebotes.<\/p>\n<p>Hergestellt in Deutschland.<br \/>\nAu\u00dfenma\u00dfe BxTxH 405x555x202 mm<br \/>\nGewicht 6,2 kg<\/p>\n","protected":false},"excerpt":{"rendered":"<p>Mixercase Pioneer DJM-900 NXS2 Color Dieses Haubencase ist speziell f\u00fcr den Pioneer DJM-900 NXS2 konstruiert. Bei geschlossenem Deckel sitzt der<\/p>\n","protected":false},"featured_media":291449,"template":"","meta":{"_acf_changed":false},"product_brand":[],"product_cat":[13493,13496],"product_tag":[13757],"class_list":{"0":"post-291494","1":"product","2":"type-product","3":"status-publish","4":"has-post-thumbnail","6":"product_cat-dj-equipment-cases","7":"product_cat-yamaha","8":"product_tag-pioneer","10":"first","11":"instock","12":"taxable","13":"shipping-taxable","14":"purchasable","15":"product-type-simple"},"acf":[],"_links":{"self":[{"href":"https:\/\/megacase.com\/de\/wp-json\/wp\/v2\/product\/291494","targetHints":{"allow":["GET"]}}],"collection":[{"href":"https:\/\/megacase.com\/de\/wp-json\/wp\/v2\/product"}],"about":[{"href":"https:\/\/megacase.com\/de\/wp-json\/wp\/v2\/types\/product"}],"wp:featuredmedia":[{"embeddable":true,"href":"https:\/\/megacase.com\/de\/wp-json\/wp\/v2\/media\/291449"}],"wp:attachment":[{"href":"https:\/\/megacase.com\/de\/wp-json\/wp\/v2\/media?parent=291494"}],"wp:term":[{"taxonomy":"product_brand","embeddable":true,"href":"https:\/\/megacase.com\/de\/wp-json\/wp\/v2\/product_brand?post=291494"},{"taxonomy":"product_cat","embeddable":true,"href":"https:\/\/megacase.com\/de\/wp-json\/wp\/v2\/product_cat?post=291494"},{"taxonomy":"product_tag","embeddable":true,"href":"https:\/\/megacase.com\/de\/wp-json\/wp\/v2\/product_tag?post=291494"}],"curies":[{"name":"wp","href":"https:\/\/api.w.org\/{rel}","templated":true}]}}