{"id":291338,"date":"2026-03-10T10:38:11","date_gmt":"2026-03-10T09:38:11","guid":{"rendered":"https:\/\/megacase.com\/?post_type=product&#038;p=291338"},"modified":"2026-03-25T14:37:36","modified_gmt":"2026-03-25T13:37:36","slug":"roadcase-yamaha-ls9-16-mischpult","status":"publish","type":"product","link":"https:\/\/megacase.com\/de\/produkt\/roadcase-yamaha-ls9-16-mischpult\/","title":{"rendered":"Roadcase Yamaha LS9-16 Mischpult"},"content":{"rendered":"<p>Robustes Roadcase in schwarzer Ausf\u00fchrung, passend f\u00fcr das Mischpult Yamaha LS9-16 (16 Kanal).<\/p>\n<p>Ausgestattet mit Rutschleisten f\u00fcr einen sicheren Stand sowie einem Dockhouse mit staubgesch\u00fctzten Multicore-\u00d6ffnungen auf der linken und rechten Seite.<\/p>\n<p>Ein 17 cm Kabelkanal erm\u00f6glicht eine saubere und praktische Kabelf\u00fchrung. Der Innenbereich ist mit Schaumstoff ausgekleidet, um das Mischpult zus\u00e4tzlich zu sch\u00fctzen und sicher zu fixieren.<\/p>\n<p>F\u00fcr einen einfachen Transport ist das Case mit 4 Lenkrollen ausgestattet, davon 2 mit Feststellbremse.<\/p>\n<p>Austattung:<br \/>\n9 mm Multiplex schwarz beschichtet<br \/>\n30&#215;30 mm Aluminiumprofil<br \/>\n8 L-Ecken<br \/>\n4 Butterfly mittel<br \/>\n6 Klappgriff medium<br \/>\n8 Kugelecke gro\u00df<br \/>\n2 Rutschleisten<br \/>\n4 Lenkrollen 100 mm, davon 2 gebremst<br \/>\nSchaumstoffpolsterung<\/p>\n<p>hergestellt in Deutschland<br \/>\nAu\u00dfenma\u00dfe stehend auf Rollen ca. BxTxH  565x325x908 mm<br \/>\nGewicht ca. 27,1 kg<\/p>\n","protected":false},"excerpt":{"rendered":"<p>Robustes Roadcase in schwarzer Ausf\u00fchrung, passend f\u00fcr das Mischpult Yamaha LS9-16 (16 Kanal). Ausgestattet mit Rutschleisten f\u00fcr einen sicheren Stand<\/p>\n","protected":false},"featured_media":291382,"template":"","meta":{"_acf_changed":false},"product_brand":[],"product_cat":[13495],"product_tag":[],"class_list":{"0":"post-291338","1":"product","2":"type-product","3":"status-publish","4":"has-post-thumbnail","6":"product_cat-mischpult-cases","8":"first","9":"instock","10":"taxable","11":"shipping-taxable","12":"purchasable","13":"product-type-simple"},"acf":[],"_links":{"self":[{"href":"https:\/\/megacase.com\/de\/wp-json\/wp\/v2\/product\/291338","targetHints":{"allow":["GET"]}}],"collection":[{"href":"https:\/\/megacase.com\/de\/wp-json\/wp\/v2\/product"}],"about":[{"href":"https:\/\/megacase.com\/de\/wp-json\/wp\/v2\/types\/product"}],"wp:featuredmedia":[{"embeddable":true,"href":"https:\/\/megacase.com\/de\/wp-json\/wp\/v2\/media\/291382"}],"wp:attachment":[{"href":"https:\/\/megacase.com\/de\/wp-json\/wp\/v2\/media?parent=291338"}],"wp:term":[{"taxonomy":"product_brand","embeddable":true,"href":"https:\/\/megacase.com\/de\/wp-json\/wp\/v2\/product_brand?post=291338"},{"taxonomy":"product_cat","embeddable":true,"href":"https:\/\/megacase.com\/de\/wp-json\/wp\/v2\/product_cat?post=291338"},{"taxonomy":"product_tag","embeddable":true,"href":"https:\/\/megacase.com\/de\/wp-json\/wp\/v2\/product_tag?post=291338"}],"curies":[{"name":"wp","href":"https:\/\/api.w.org\/{rel}","templated":true}]}}