{"id":291254,"date":"2026-03-10T09:57:46","date_gmt":"2026-03-10T08:57:46","guid":{"rendered":"https:\/\/megacase.com\/?post_type=product&#038;p=291254"},"modified":"2026-03-25T14:37:36","modified_gmt":"2026-03-25T13:37:36","slug":"truhencase-feuerloescher-240-x-150-x-495-mm-mit-trolley","status":"publish","type":"product","link":"https:\/\/megacase.com\/de\/produkt\/truhencase-feuerloescher-240-x-150-x-495-mm-mit-trolley\/","title":{"rendered":"Truhencase Feuerl\u00f6scher 240 \u00d7 150 \u00d7 495 mm mit Trolley"},"content":{"rendered":"<p>Truhencase in roter Ausf\u00fchrung passend f\u00fcr einen Feuerl\u00f6scher mit 6 Liter Inhalt, z. B. der Firma Protex.<br \/>\nDer Transport erfolgt komfortabel \u00fcber 2 Eckaufbaurollen sowie einen 2-stufig ausziehbaren Trolleygriff.<\/p>\n<p>Der Innenraum ist mit Schaumstoffpolsterung am Boden sowie im Deckel ausgestattet, um den Feuerl\u00f6scher sicher zu fixieren.<br \/>\nAuf der Front befindet sich ein Digitaldruck mit dem Hinweis \u201eFeuerl\u00f6scher\u201c.<\/p>\n<p>Austattung:<br \/>\n6,8 mm Multiplex rot RAL 3020<br \/>\n30&#215;30 mm Aluminiumprofil<br \/>\n1 Butterfly mittel V4 halb gekr\u00f6pft<br \/>\n2 Feststellscharnier gro\u00df<br \/>\n1 Scherenaufsteller<br \/>\n2 Eckaufbaurollen<br \/>\n1 Trolleygriff ausziehbar 2-stufig<br \/>\n2 Kugelecke mittel<br \/>\n4 Kugelecke mittel L-Ecke<br \/>\n2 Gummif\u00fc\u00dfe<\/p>\n<p>hergestellt in Deutschland<br \/>\nInnenma\u00dfe ca. BxTxH: 240 x 151 x 495 mm<br \/>\nAu\u00dfenma\u00dfe BxTxH 369 x 237 x 588 mm<br \/>\nGewicht: 7 kg<\/p>\n","protected":false},"excerpt":{"rendered":"<p>Truhencase in roter Ausf\u00fchrung passend f\u00fcr einen Feuerl\u00f6scher mit 6 Liter Inhalt, z. B. der Firma Protex. Der Transport erfolgt<\/p>\n","protected":false},"featured_media":291255,"template":"","meta":{"_acf_changed":false},"product_brand":[],"product_cat":[13512,15072],"product_tag":[],"class_list":{"0":"post-291254","1":"product","2":"type-product","3":"status-publish","4":"has-post-thumbnail","6":"product_cat-case-zubehoer","7":"product_cat-sicherheit","9":"first","10":"instock","11":"taxable","12":"shipping-taxable","13":"purchasable","14":"product-type-simple"},"acf":[],"_links":{"self":[{"href":"https:\/\/megacase.com\/de\/wp-json\/wp\/v2\/product\/291254","targetHints":{"allow":["GET"]}}],"collection":[{"href":"https:\/\/megacase.com\/de\/wp-json\/wp\/v2\/product"}],"about":[{"href":"https:\/\/megacase.com\/de\/wp-json\/wp\/v2\/types\/product"}],"wp:featuredmedia":[{"embeddable":true,"href":"https:\/\/megacase.com\/de\/wp-json\/wp\/v2\/media\/291255"}],"wp:attachment":[{"href":"https:\/\/megacase.com\/de\/wp-json\/wp\/v2\/media?parent=291254"}],"wp:term":[{"taxonomy":"product_brand","embeddable":true,"href":"https:\/\/megacase.com\/de\/wp-json\/wp\/v2\/product_brand?post=291254"},{"taxonomy":"product_cat","embeddable":true,"href":"https:\/\/megacase.com\/de\/wp-json\/wp\/v2\/product_cat?post=291254"},{"taxonomy":"product_tag","embeddable":true,"href":"https:\/\/megacase.com\/de\/wp-json\/wp\/v2\/product_tag?post=291254"}],"curies":[{"name":"wp","href":"https:\/\/api.w.org\/{rel}","templated":true}]}}