{"id":290987,"date":"2026-02-26T11:53:42","date_gmt":"2026-02-26T10:53:42","guid":{"rendered":"https:\/\/megacase.com\/?post_type=product&#038;p=290987"},"modified":"2026-03-25T14:37:37","modified_gmt":"2026-03-25T13:37:37","slug":"truhencase-db-audiotechnik-e8-2in1","status":"publish","type":"product","link":"https:\/\/megacase.com\/de\/produkt\/truhencase-db-audiotechnik-e8-2in1\/","title":{"rendered":"Truhencase d&amp;b audiotechnik E8 2in1"},"content":{"rendered":"<p>Robustes, ma\u00dfgefertigtes Transportcase zur sicheren Aufnahme von zwei d&amp;b audiotechnik E8 Lautsprechern.<br \/>\nDie passgenaue Schaumstoffpolsterung sch\u00fctzt die Systeme zuverl\u00e4ssig vor St\u00f6\u00dfen, Vibrationen und Transportsch\u00e4den.<\/p>\n<p>Ein gepolstertes Trennbrett im Inneren sorgt f\u00fcr eine sichere Separierung der Lautsprecher und verhindert direkten Kontakt zwischen den Geh\u00e4usen. Dadurch wird ein optimaler Schutz auch bei h\u00e4ufigem Be- und Entladen gew\u00e4hrleistet.<\/p>\n<p>Ideal f\u00fcr den professionellen Touring- und Verleihbetrieb &#8211; langlebig, funktional und exakt auf die Anforderungen im Live-Einsatz abgestimmt.<\/p>\n<p>Austattung:<br \/>\n6,8 mm Multiplex Phenol braun<br \/>\n30&#215;30 mm Aluminiumprofil<br \/>\n4 L-Ecken medium<br \/>\n2 Butterfly Verschl\u00fcsse mittel<br \/>\n3 Klappgriffe medium<br \/>\n8 Stahlkugelecken mittel<br \/>\nSchaumstoffpolsterung<\/p>\n<p>hergestellt in Deutschland<br \/>\nAu\u00dfenma\u00dfe BxTxH 554 x 298 x 468 mm<br \/>\nGewicht: 9 kg<\/p>\n","protected":false},"excerpt":{"rendered":"<p>Robustes, ma\u00dfgefertigtes Transportcase zur sicheren Aufnahme von zwei d&amp;b audiotechnik E8 Lautsprechern. Die passgenaue Schaumstoffpolsterung sch\u00fctzt die Systeme zuverl\u00e4ssig vor<\/p>\n","protected":false},"featured_media":290988,"template":"","meta":{"_acf_changed":false},"product_brand":[],"product_cat":[13579],"product_tag":[],"class_list":{"0":"post-290987","1":"product","2":"type-product","3":"status-publish","4":"has-post-thumbnail","6":"product_cat-audio-cases","8":"first","9":"instock","10":"taxable","11":"shipping-taxable","12":"purchasable","13":"product-type-simple"},"acf":[],"_links":{"self":[{"href":"https:\/\/megacase.com\/de\/wp-json\/wp\/v2\/product\/290987","targetHints":{"allow":["GET"]}}],"collection":[{"href":"https:\/\/megacase.com\/de\/wp-json\/wp\/v2\/product"}],"about":[{"href":"https:\/\/megacase.com\/de\/wp-json\/wp\/v2\/types\/product"}],"wp:featuredmedia":[{"embeddable":true,"href":"https:\/\/megacase.com\/de\/wp-json\/wp\/v2\/media\/290988"}],"wp:attachment":[{"href":"https:\/\/megacase.com\/de\/wp-json\/wp\/v2\/media?parent=290987"}],"wp:term":[{"taxonomy":"product_brand","embeddable":true,"href":"https:\/\/megacase.com\/de\/wp-json\/wp\/v2\/product_brand?post=290987"},{"taxonomy":"product_cat","embeddable":true,"href":"https:\/\/megacase.com\/de\/wp-json\/wp\/v2\/product_cat?post=290987"},{"taxonomy":"product_tag","embeddable":true,"href":"https:\/\/megacase.com\/de\/wp-json\/wp\/v2\/product_tag?post=290987"}],"curies":[{"name":"wp","href":"https:\/\/api.w.org\/{rel}","templated":true}]}}