{"id":290899,"date":"2026-02-26T11:09:40","date_gmt":"2026-02-26T10:09:40","guid":{"rendered":"https:\/\/megacase.com\/?post_type=product&#038;p=290899"},"modified":"2026-03-25T14:37:37","modified_gmt":"2026-03-25T13:37:37","slug":"koffercase-apelight-maxi-v2-6in1","status":"publish","type":"product","link":"https:\/\/megacase.com\/de\/produkt\/koffercase-apelight-maxi-v2-6in1\/","title":{"rendered":"Koffercase ApeLight Maxi V2 6in1"},"content":{"rendered":"<p>Maximaler Schutz f\u00fcr maximale Performance.<br \/>\nDieses Koffercase aus schwarzem Polyboard wurde speziell f\u00fcr 6 ApeLight Maxi V2 entwickelt &#8211; inklusive Platz f\u00fcr ApeLabs Connect, Antennen und Fernbedienung.<\/p>\n<p>Ein 150 mm breites, gepolstertes Seitenfach rechts sorgt f\u00fcr zus\u00e4tzlichen Stauraum und perfekte Organisation. Dank passgenauem Schaumstoffinlay sitzt jedes Teil sicher und sto\u00dfgesch\u00fctzt &#8211; bereit f\u00fcr den n\u00e4chsten Einsatz.<\/p>\n<p>Die stabile Konstruktion garantiert echte Tourtauglichkeit, gefertigt f\u00fcr den harten Alltag im Event- und Rental-Bereich.<br \/>\nEine integrierte Tourlabelschale im Deckel sorgt f\u00fcr klare Kennzeichnung im Lager oder Truck.<br \/>\nSicher transportiert. Perfekt organisiert. Sofort einsatzbereit.<\/p>\n<p>Ausstattung:<br \/>\n6,5 mm Polyboard schwarz<br \/>\n25&#215;25 mm Aluminiumprofil<br \/>\n4 L-Ecken medium<br \/>\n2 Butterfly Verschl\u00fcsse mittel<br \/>\n2 Feststellscharniere gro\u00df<br \/>\n1 Klappgriff medium<br \/>\n8 Stahlkugelecken mittel<br \/>\n1 Tourlabelschale im Deckel<br \/>\nSchaumstoffpolsterung<\/p>\n<p>** Hinweis: abgebildete Ger\u00e4te dienen nur der Veranschaulichung und sind KEIN Bestandteil des Angebotes.<\/p>\n<p>Made in Germany<br \/>\nAu\u00dfenma\u00dfe: 630 x 460 x 240 mm<br \/>\nGewicht: 8,4 kg<\/p>\n","protected":false},"excerpt":{"rendered":"<p>Maximaler Schutz f\u00fcr maximale Performance. Dieses Koffercase aus schwarzem Polyboard wurde speziell f\u00fcr 6 ApeLight Maxi V2 entwickelt &#8211; inklusive<\/p>\n","protected":false},"featured_media":290900,"template":"","meta":{"_acf_changed":false},"product_brand":[],"product_cat":[13627],"product_tag":[],"class_list":{"0":"post-290899","1":"product","2":"type-product","3":"status-publish","4":"has-post-thumbnail","6":"product_cat-lichtcases","8":"first","9":"instock","10":"taxable","11":"shipping-taxable","12":"purchasable","13":"product-type-simple"},"acf":[],"_links":{"self":[{"href":"https:\/\/megacase.com\/de\/wp-json\/wp\/v2\/product\/290899","targetHints":{"allow":["GET"]}}],"collection":[{"href":"https:\/\/megacase.com\/de\/wp-json\/wp\/v2\/product"}],"about":[{"href":"https:\/\/megacase.com\/de\/wp-json\/wp\/v2\/types\/product"}],"wp:featuredmedia":[{"embeddable":true,"href":"https:\/\/megacase.com\/de\/wp-json\/wp\/v2\/media\/290900"}],"wp:attachment":[{"href":"https:\/\/megacase.com\/de\/wp-json\/wp\/v2\/media?parent=290899"}],"wp:term":[{"taxonomy":"product_brand","embeddable":true,"href":"https:\/\/megacase.com\/de\/wp-json\/wp\/v2\/product_brand?post=290899"},{"taxonomy":"product_cat","embeddable":true,"href":"https:\/\/megacase.com\/de\/wp-json\/wp\/v2\/product_cat?post=290899"},{"taxonomy":"product_tag","embeddable":true,"href":"https:\/\/megacase.com\/de\/wp-json\/wp\/v2\/product_tag?post=290899"}],"curies":[{"name":"wp","href":"https:\/\/api.w.org\/{rel}","templated":true}]}}