{"id":290827,"date":"2026-02-26T10:49:55","date_gmt":"2026-02-26T09:49:55","guid":{"rendered":"https:\/\/megacase.com\/?post_type=product&#038;p=290827"},"modified":"2026-03-25T14:37:37","modified_gmt":"2026-03-25T13:37:37","slug":"koffercase-apelight-maxi-v2-8in1","status":"publish","type":"product","link":"https:\/\/megacase.com\/de\/produkt\/koffercase-apelight-maxi-v2-8in1\/","title":{"rendered":"Koffercase ApeLight Maxi V2 8in1"},"content":{"rendered":"<p>Koffercase aus schwarzem Polyboard mit Schaumstoffinlay f\u00fcr 8 ApeLight Maxi V2.<\/p>\n<p>Robustes und hochwertig verarbeitetes Koffercase aus schwarzem Polyboard, speziell konzipiert f\u00fcr den sicheren Transport von bis zu 8 ApeLight Maxi V2.<br \/>\nDas passgenaue Schaumstoffinlay sorgt f\u00fcr optimalen Halt und sch\u00fctzt die Ger\u00e4te zuverl\u00e4ssig vor St\u00f6\u00dfen, Kratzern und Transportsch\u00e4den.<\/p>\n<p>Zus\u00e4tzlich bietet das Case ausreichend Platz f\u00fcr das ApeLabs Connect, Antennen sowie eine Fernbedienung. Ein 150 mm breites, gepolstertes Fach auf der rechten Seite erm\u00f6glicht die sichere und \u00fcbersichtliche Unterbringung von weiterem Zubeh\u00f6r.<\/p>\n<p>Ideal f\u00fcr den professionellen Einsatz im Event-, B\u00fchnen- und Touringbereich &#8211; langlebig, funktional und durchdacht konstruiert.<\/p>\n<p>Ausstattung:<br \/>\n6,5 mm Polyboard schwarz<br \/>\n25&#215;25 mm Alukante<br \/>\n4 L-Ecke medium<br \/>\n2 Butterfly Verschl\u00fcsse mittel<br \/>\n2 Feststellscharniere gro\u00df<br \/>\n1 Klappgriff medium<br \/>\n8 Stahlkugelecken mittel<br \/>\n1 Tourlabelschale im Deckel<br \/>\nSchaumstoffpolsterung<\/p>\n<p>** Hinweis: abgebildete Ger\u00e4te dienen nur der Veranschaulichung und sind KEIN Bestandteil des Angebotes.<\/p>\n<p>hergestellt in Deutschland<br \/>\nAu\u00dfenma\u00dfe: BxTxH 823 x 367 x 240 mm<br \/>\nGewicht:  8,7 kg<\/p>\n","protected":false},"excerpt":{"rendered":"<p>Koffercase aus schwarzem Polyboard mit Schaumstoffinlay f\u00fcr 8 ApeLight Maxi V2. Robustes und hochwertig verarbeitetes Koffercase aus schwarzem Polyboard, speziell<\/p>\n","protected":false},"featured_media":290828,"template":"","meta":{"_acf_changed":false},"product_brand":[],"product_cat":[13627],"product_tag":[],"class_list":{"0":"post-290827","1":"product","2":"type-product","3":"status-publish","4":"has-post-thumbnail","6":"product_cat-lichtcases","8":"first","9":"instock","10":"taxable","11":"shipping-taxable","12":"purchasable","13":"product-type-simple"},"acf":[],"_links":{"self":[{"href":"https:\/\/megacase.com\/de\/wp-json\/wp\/v2\/product\/290827","targetHints":{"allow":["GET"]}}],"collection":[{"href":"https:\/\/megacase.com\/de\/wp-json\/wp\/v2\/product"}],"about":[{"href":"https:\/\/megacase.com\/de\/wp-json\/wp\/v2\/types\/product"}],"wp:featuredmedia":[{"embeddable":true,"href":"https:\/\/megacase.com\/de\/wp-json\/wp\/v2\/media\/290828"}],"wp:attachment":[{"href":"https:\/\/megacase.com\/de\/wp-json\/wp\/v2\/media?parent=290827"}],"wp:term":[{"taxonomy":"product_brand","embeddable":true,"href":"https:\/\/megacase.com\/de\/wp-json\/wp\/v2\/product_brand?post=290827"},{"taxonomy":"product_cat","embeddable":true,"href":"https:\/\/megacase.com\/de\/wp-json\/wp\/v2\/product_cat?post=290827"},{"taxonomy":"product_tag","embeddable":true,"href":"https:\/\/megacase.com\/de\/wp-json\/wp\/v2\/product_tag?post=290827"}],"curies":[{"name":"wp","href":"https:\/\/api.w.org\/{rel}","templated":true}]}}