{"id":290759,"date":"2026-02-25T12:26:09","date_gmt":"2026-02-25T11:26:09","guid":{"rendered":"https:\/\/megacase.com\/?post_type=product&#038;p=290759"},"modified":"2026-03-25T14:37:37","modified_gmt":"2026-03-25T13:37:37","slug":"koffercase-epson-eb-l-690su-mit-fach","status":"publish","type":"product","link":"https:\/\/megacase.com\/de\/produkt\/koffercase-epson-eb-l-690su-mit-fach\/","title":{"rendered":"Koffercase Epson EB-L 690SU mit Fach"},"content":{"rendered":"<p>Robuster und passgenauer Transportkoffer f\u00fcr den Projektor Epson EB\u2011L690SU. Das Ger\u00e4t wird durch eine hochwertige Schaumstoffpolsterung sicher fixiert und optimal vor St\u00f6\u00dfen und Transportsch\u00e4den gesch\u00fctzt. Zwei integrierte Zubeh\u00f6rf\u00e4cher bieten zus\u00e4tzlichen Platz f\u00fcr Kabel, Fernbedienung oder weiteres Equipment.<\/p>\n<p>Die stabile Bauweise aus Phenol-beschichtetem Multiplex und hochwertigen Beschl\u00e4gen macht den Koffer ideal f\u00fcr den professionellen Einsatz bei Veranstaltungen, Installationen und im Touring-Bereich.<\/p>\n<p>Ausstattung:<br \/>\n6,8 mm Multiplex Phenol braun<br \/>\n30 \u00d7 30 mm Aluminiumprofil<br \/>\n4 L-Ecken (medium)<br \/>\n2 Butterfly-Verschl\u00fcsse (mittel)<br \/>\n2 gro\u00dfe Feststellscharniere<br \/>\n3 Klappgriffe (medium)<br \/>\n4 Stahl-Kugelecken (mittel)<br \/>\n4 Stahl-Kugelecken mit L-Ecke<br \/>\nPassgenaue Schaumstoffpolsterung<br \/>\n2 Zubeh\u00f6rf\u00e4cher<\/p>\n<p>Herstellung: Deutschland<br \/>\nAu\u00dfenma\u00dfe (BxTxH): ca. 780 \u00d7 410 \u00d7 238 mm<br \/>\nGewicht: ca. 10,3 kg<\/p>\n","protected":false},"excerpt":{"rendered":"<p>Robuster und passgenauer Transportkoffer f\u00fcr den Projektor Epson EB\u2011L690SU. Das Ger\u00e4t wird durch eine hochwertige Schaumstoffpolsterung sicher fixiert und optimal<\/p>\n","protected":false},"featured_media":290764,"template":"","meta":{"_acf_changed":false},"product_brand":[],"product_cat":[16061],"product_tag":[],"class_list":{"0":"post-290759","1":"product","2":"type-product","3":"status-publish","4":"has-post-thumbnail","6":"product_cat-cases-fuer-video-equipment","8":"first","9":"instock","10":"taxable","11":"shipping-taxable","12":"purchasable","13":"product-type-simple"},"acf":[],"_links":{"self":[{"href":"https:\/\/megacase.com\/de\/wp-json\/wp\/v2\/product\/290759","targetHints":{"allow":["GET"]}}],"collection":[{"href":"https:\/\/megacase.com\/de\/wp-json\/wp\/v2\/product"}],"about":[{"href":"https:\/\/megacase.com\/de\/wp-json\/wp\/v2\/types\/product"}],"wp:featuredmedia":[{"embeddable":true,"href":"https:\/\/megacase.com\/de\/wp-json\/wp\/v2\/media\/290764"}],"wp:attachment":[{"href":"https:\/\/megacase.com\/de\/wp-json\/wp\/v2\/media?parent=290759"}],"wp:term":[{"taxonomy":"product_brand","embeddable":true,"href":"https:\/\/megacase.com\/de\/wp-json\/wp\/v2\/product_brand?post=290759"},{"taxonomy":"product_cat","embeddable":true,"href":"https:\/\/megacase.com\/de\/wp-json\/wp\/v2\/product_cat?post=290759"},{"taxonomy":"product_tag","embeddable":true,"href":"https:\/\/megacase.com\/de\/wp-json\/wp\/v2\/product_tag?post=290759"}],"curies":[{"name":"wp","href":"https:\/\/api.w.org\/{rel}","templated":true}]}}