{"id":290664,"date":"2026-02-25T12:05:05","date_gmt":"2026-02-25T11:05:05","guid":{"rendered":"https:\/\/megacase.com\/?post_type=product&#038;p=290664"},"modified":"2026-03-25T14:37:38","modified_gmt":"2026-03-25T13:37:38","slug":"haubencase-arturia-astrolab-37","status":"publish","type":"product","link":"https:\/\/megacase.com\/de\/produkt\/haubencase-arturia-astrolab-37\/","title":{"rendered":"Haubencase Arturia Astrolab 37"},"content":{"rendered":"<p>Ma\u00dfgefertigtes Eco Haubencase f\u00fcr das Arturia Astrolab 37 \u2013 leicht, stabil und optimal f\u00fcr den mobilen Einsatz im Studio, Proberaum oder auf der B\u00fchne geeignet.<\/p>\n<p>Die integrierte Schaumstoffpolsterung sorgt f\u00fcr sicheren Halt und sch\u00fctzt das Instrument zuverl\u00e4ssig vor St\u00f6\u00dfen, Vibrationen und Transportsch\u00e4den. Hinter dem Ger\u00e4t befindet sich ein ca. 10 cm breiter Kabelkanal, der ausreichend Platz f\u00fcr Strom- und Anschlusskabel bietet und eine saubere, transportf\u00e4hige Verkabelung erm\u00f6glicht.<br \/>\nDas Instrument ist im Unterteil des Cases spielbar und kann f\u00fcr den Einsatz einfach im Case verbleiben. Dadurch ist ein schneller Aufbau sowie eine hohe Alltagstauglichkeit gew\u00e4hrleistet.<\/p>\n<p>Eine funktionale und wirtschaftliche L\u00f6sung f\u00fcr sicheren Transport und flexible Live-Anwendungen.<\/p>\n<p>Ausstattung:<br \/>\n6,8mm Multiplex Phenol braun<br \/>\n22&#215;22 mm Aluminiumprofil<br \/>\n4 L-Ecke medium<br \/>\n1 Koffergriff<br \/>\n2 Butterfly mini<br \/>\n4 Kugelecke klein<br \/>\n4 Kugelecke klein mit L-Ecke<br \/>\n4 Gummif\u00fc\u00dfe<br \/>\nSchaumstoffpolsterung<\/p>\n<p>** Hinweis: abgebildete Ger\u00e4te dienen nur der Veranschaulichung und sind KEIN Bestandteil des Angebotes.<\/p>\n<p>hergestellt in Deutschland<br \/>\nAu\u00dfenma\u00dfe: BxTxH 576 x 380 x 134 mm<br \/>\nGewicht: 4,4 kg<\/p>\n","protected":false},"excerpt":{"rendered":"<p>Ma\u00dfgefertigtes Eco Haubencase f\u00fcr das Arturia Astrolab 37 \u2013 leicht, stabil und optimal f\u00fcr den mobilen Einsatz im Studio, Proberaum<\/p>\n","protected":false},"featured_media":290665,"template":"","meta":{"_acf_changed":false},"product_brand":[],"product_cat":[15043,13511],"product_tag":[],"class_list":{"0":"post-290664","1":"product","2":"type-product","3":"status-publish","4":"has-post-thumbnail","6":"product_cat-uncategorized-de","7":"product_cat-keyboard-cases","9":"first","10":"instock","11":"taxable","12":"shipping-taxable","13":"purchasable","14":"product-type-simple"},"acf":[],"_links":{"self":[{"href":"https:\/\/megacase.com\/de\/wp-json\/wp\/v2\/product\/290664","targetHints":{"allow":["GET"]}}],"collection":[{"href":"https:\/\/megacase.com\/de\/wp-json\/wp\/v2\/product"}],"about":[{"href":"https:\/\/megacase.com\/de\/wp-json\/wp\/v2\/types\/product"}],"wp:featuredmedia":[{"embeddable":true,"href":"https:\/\/megacase.com\/de\/wp-json\/wp\/v2\/media\/290665"}],"wp:attachment":[{"href":"https:\/\/megacase.com\/de\/wp-json\/wp\/v2\/media?parent=290664"}],"wp:term":[{"taxonomy":"product_brand","embeddable":true,"href":"https:\/\/megacase.com\/de\/wp-json\/wp\/v2\/product_brand?post=290664"},{"taxonomy":"product_cat","embeddable":true,"href":"https:\/\/megacase.com\/de\/wp-json\/wp\/v2\/product_cat?post=290664"},{"taxonomy":"product_tag","embeddable":true,"href":"https:\/\/megacase.com\/de\/wp-json\/wp\/v2\/product_tag?post=290664"}],"curies":[{"name":"wp","href":"https:\/\/api.w.org\/{rel}","templated":true}]}}