{"id":290312,"date":"2026-02-12T10:54:00","date_gmt":"2026-02-12T09:54:00","guid":{"rendered":"https:\/\/megacase.com\/?post_type=product&#038;p=290312"},"modified":"2026-03-25T14:37:38","modified_gmt":"2026-03-25T13:37:38","slug":"keyboard-case-typ1-expressive-e-osmose-61","status":"publish","type":"product","link":"https:\/\/megacase.com\/de\/produkt\/keyboard-case-typ1-expressive-e-osmose-61\/","title":{"rendered":"Keyboard Case Typ1 Expressive E Osmose 61"},"content":{"rendered":"<p>Robustes Keyboard Case aus schwarzem Wabenkunststoff, passgenau gefertigt f\u00fcr das Expressive E Osmose 61. Die stabile und zugleich leichte Konstruktion bietet optimalen Schutz f\u00fcr den sicheren Transport im Studio-, Live- und Touring-Bereich.<\/p>\n<p>Die Ausf\u00fchrung Typ 1-61 mit hochwertiger Schaumstoffauskleidung sorgt f\u00fcr exakten Sitz des Instruments und sch\u00fctzt zuverl\u00e4ssig vor St\u00f6\u00dfen, Druckbelastung und Vibrationen.<br \/>\nDas Ger\u00e4t ist sicher fixiert und bleibt auch bei h\u00e4ufigem Transport bestens gesch\u00fctzt.<\/p>\n<p>Ausstattung:<br \/>\n7 mm Wabenkunststoff schwarz<br \/>\n25&#215;25 mm Aluminiumprofil<br \/>\n4 L-Ecke medium<br \/>\n2 Schnappschloss mit \u00d6se<br \/>\n2 Feststellscharnier gro\u00df<br \/>\n1 Ledergriff<br \/>\n4 Kugelecke mittel<br \/>\n4 Kugelecke mittel L-Ecke<br \/>\nSchaumstoffpolsterung<\/p>\n<p>Hergestellt in Deutschland<br \/>\nAu\u00dfenma\u00dfe BxTxH 960 x 415 x 170 mm<br \/>\nGewicht: 5,5 kg<\/p>\n","protected":false},"excerpt":{"rendered":"<p>Robustes Keyboard Case aus schwarzem Wabenkunststoff, passgenau gefertigt f\u00fcr das Expressive E Osmose 61. Die stabile und zugleich leichte Konstruktion<\/p>\n","protected":false},"featured_media":290325,"template":"","meta":{"_acf_changed":false},"product_brand":[],"product_cat":[13511],"product_tag":[],"class_list":{"0":"post-290312","1":"product","2":"type-product","3":"status-publish","4":"has-post-thumbnail","6":"product_cat-keyboard-cases","8":"first","9":"instock","10":"taxable","11":"shipping-taxable","12":"purchasable","13":"product-type-simple"},"acf":[],"_links":{"self":[{"href":"https:\/\/megacase.com\/de\/wp-json\/wp\/v2\/product\/290312","targetHints":{"allow":["GET"]}}],"collection":[{"href":"https:\/\/megacase.com\/de\/wp-json\/wp\/v2\/product"}],"about":[{"href":"https:\/\/megacase.com\/de\/wp-json\/wp\/v2\/types\/product"}],"wp:featuredmedia":[{"embeddable":true,"href":"https:\/\/megacase.com\/de\/wp-json\/wp\/v2\/media\/290325"}],"wp:attachment":[{"href":"https:\/\/megacase.com\/de\/wp-json\/wp\/v2\/media?parent=290312"}],"wp:term":[{"taxonomy":"product_brand","embeddable":true,"href":"https:\/\/megacase.com\/de\/wp-json\/wp\/v2\/product_brand?post=290312"},{"taxonomy":"product_cat","embeddable":true,"href":"https:\/\/megacase.com\/de\/wp-json\/wp\/v2\/product_cat?post=290312"},{"taxonomy":"product_tag","embeddable":true,"href":"https:\/\/megacase.com\/de\/wp-json\/wp\/v2\/product_tag?post=290312"}],"curies":[{"name":"wp","href":"https:\/\/api.w.org\/{rel}","templated":true}]}}