{"id":290182,"date":"2026-02-09T12:52:15","date_gmt":"2026-02-09T11:52:15","guid":{"rendered":"https:\/\/megacase.com\/?post_type=product&#038;p=290182"},"modified":"2026-03-25T14:37:39","modified_gmt":"2026-03-25T13:37:39","slug":"haubencase-zoom-livetrak-l12next","status":"publish","type":"product","link":"https:\/\/megacase.com\/de\/produkt\/haubencase-zoom-livetrak-l12next\/","title":{"rendered":"Haubencase Zoom LiveTrak L12next"},"content":{"rendered":"<p data-start=\"564\" data-end=\"794\">Robustes Haubencase f\u00fcr das Zoom LiveTrak L-12n Digitalmischpult. Das Mischpult kann im Unterteil des Cases vollst\u00e4ndig bedient werden. Hinter dem Ger\u00e4t befindet sich ein integrierter 10 cm Kabelkanal f\u00fcr sauberes Kabelmanagement.<\/p>\n<p data-start=\"796\" data-end=\"1010\">Gefertigt aus 6,5 mm schwarzem Polyboard mit stabilen 22 x 22 mm Aluminiumprofilen bietet das Case optimalen Schutz f\u00fcr Transport und mobilen Einsatz. Ideal f\u00fcr Musiker, Bands, Tonstudios und Veranstaltungstechnik.<\/p>\n<p data-start=\"1012\" data-end=\"1268\">Ausstattung:<br data-start=\"1024\" data-end=\"1027\" \/>\u2022 6,5 mm Polyboard schwarz<br data-start=\"1053\" data-end=\"1056\" \/>\u2022 22 x 22 mm Aluminiumprofil<br data-start=\"1084\" data-end=\"1087\" \/>\u2022 4 kleine L-Ecken<br data-start=\"1105\" data-end=\"1108\" \/>\u2022 2 Mini Butterfly-Verschl\u00fcsse<br data-start=\"1138\" data-end=\"1141\" \/>\u2022 1 stabiler Koffergriff<br data-start=\"1165\" data-end=\"1168\" \/>\u2022 4 kleine Kugelecken<br data-start=\"1189\" data-end=\"1192\" \/>\u2022 4 kleine Kugelecken mit L-Ecke<br data-start=\"1224\" data-end=\"1227\" \/>\u2022 4 Gummif\u00fc\u00dfe<br data-start=\"1240\" data-end=\"1243\" \/>\u2022 Schaumstoffpolsterung<\/p>\n<p data-start=\"1270\" data-end=\"1327\">Au\u00dfenma\u00dfe (BxTxH): 510 x 440 x 136 mm<br data-start=\"1307\" data-end=\"1310\" \/>Gewicht: 4,6 kg<\/p>\n<p data-start=\"1329\" data-end=\"1356\">Hergestellt in Deutschland.<\/p>\n<p data-start=\"1358\" data-end=\"1471\">Hinweis: Abgebildete Ger\u00e4te dienen ausschlie\u00dflich der Veranschaulichung und sind nicht Bestandteil des Angebotes.<\/p>\n","protected":false},"excerpt":{"rendered":"<p>Robustes Haubencase f\u00fcr das Zoom LiveTrak L-12n Digitalmischpult. Das Mischpult kann im Unterteil des Cases vollst\u00e4ndig bedient werden. Hinter dem<\/p>\n","protected":false},"featured_media":290199,"template":"","meta":{"_acf_changed":false},"product_brand":[],"product_cat":[13495,15904],"product_tag":[],"class_list":{"0":"post-290182","1":"product","2":"type-product","3":"status-publish","4":"has-post-thumbnail","6":"product_cat-mischpult-cases","7":"product_cat-case-fuer-pa-equipment","9":"first","10":"instock","11":"taxable","12":"shipping-taxable","13":"purchasable","14":"product-type-simple"},"acf":[],"_links":{"self":[{"href":"https:\/\/megacase.com\/de\/wp-json\/wp\/v2\/product\/290182","targetHints":{"allow":["GET"]}}],"collection":[{"href":"https:\/\/megacase.com\/de\/wp-json\/wp\/v2\/product"}],"about":[{"href":"https:\/\/megacase.com\/de\/wp-json\/wp\/v2\/types\/product"}],"wp:featuredmedia":[{"embeddable":true,"href":"https:\/\/megacase.com\/de\/wp-json\/wp\/v2\/media\/290199"}],"wp:attachment":[{"href":"https:\/\/megacase.com\/de\/wp-json\/wp\/v2\/media?parent=290182"}],"wp:term":[{"taxonomy":"product_brand","embeddable":true,"href":"https:\/\/megacase.com\/de\/wp-json\/wp\/v2\/product_brand?post=290182"},{"taxonomy":"product_cat","embeddable":true,"href":"https:\/\/megacase.com\/de\/wp-json\/wp\/v2\/product_cat?post=290182"},{"taxonomy":"product_tag","embeddable":true,"href":"https:\/\/megacase.com\/de\/wp-json\/wp\/v2\/product_tag?post=290182"}],"curies":[{"name":"wp","href":"https:\/\/api.w.org\/{rel}","templated":true}]}}