{"id":289864,"date":"2026-01-29T11:46:59","date_gmt":"2026-01-29T10:46:59","guid":{"rendered":"https:\/\/megacase.com\/?post_type=product&#038;p=289864"},"modified":"2026-03-25T14:37:39","modified_gmt":"2026-03-25T13:37:39","slug":"truhencase-mit-trolleyfunktion-fuer-masterflex-l-s-pumpsystem","status":"publish","type":"product","link":"https:\/\/megacase.com\/de\/produkt\/truhencase-mit-trolleyfunktion-fuer-masterflex-l-s-pumpsystem\/","title":{"rendered":"Truhencase mit Trolleyfunktion f\u00fcr Masterflex L\/S Pumpsystem"},"content":{"rendered":"<p>Robustes Live-Truhencase aus schwarzem Polyboard, speziell konzipiert f\u00fcr den sicheren Transport eines Masterflex L\/S Pumpsystem. Die Ger\u00e4te stehen in passgenau gepolsterten F\u00e4chern und sind durch seitliche Eingriffe leicht entnehmbar und sicher fixiert.<\/p>\n<p>F\u00fcr zus\u00e4tzlichen Stauraum verf\u00fcgt das Case \u00fcber ein gepolstertes Zubeh\u00f6rfach mit 10 cm Breite, ideal f\u00fcr Schl\u00e4uche, Kabel oder weiteres Zubeh\u00f6r.<\/p>\n<p>Die integrierten 75 mm Skater-Eckeinbaurollen sowie ein versenkter Trolley-Ausziehgriff sorgen f\u00fcr komfortablen und mobilen Transport \u2013 perfekt f\u00fcr den professionellen Einsatz im Live- und Eventbereich oder im mobilen Laborbetrieb.<\/p>\n<p>Ausstattung:<br \/>\n6,5 mm Polyboard schwarz<br \/>\n30&#215;30 mm Aluminiumprofil<br \/>\n4 L-Ecke medium<br \/>\n2 Butterfly mittel<br \/>\n2 Feststellscharnier gro\u00df<br \/>\n3 Klappgriff medium<br \/>\n2 Kugelecke mittel<br \/>\n4 Kugelecke mittel L-Ecke<br \/>\n2 Eckeinbaurolle Skater 75mm<br \/>\n1 versenkter Trolley-Ausziehgriff 1-stufig<br \/>\n4 Gummif\u00fc\u00dfe<br \/>\nSchaumstoffpolsterung<\/p>\n<p>** Hinweis: abgebildete Ger\u00e4te dienen nur der Veranschaulichung und sind KEIN Bestandteil des Angebotes.<\/p>\n<p>hergestellt in Deutschland<br \/>\nAu\u00dfenma\u00dfe ca. BxTxH 770x433x398mm<br \/>\nGewicht ca. 15,3 Kg<\/p>\n","protected":false},"excerpt":{"rendered":"<p>Robustes Live-Truhencase aus schwarzem Polyboard, speziell konzipiert f\u00fcr den sicheren Transport eines Masterflex L\/S Pumpsystem. Die Ger\u00e4te stehen in passgenau<\/p>\n","protected":false},"featured_media":289865,"template":"","meta":{"_acf_changed":false},"product_brand":[],"product_cat":[13494,13509],"product_tag":[],"class_list":{"0":"post-289864","1":"product","2":"type-product","3":"status-publish","4":"has-post-thumbnail","6":"product_cat-custom-cases","7":"product_cat-truhen-cases","9":"first","10":"instock","11":"taxable","12":"shipping-taxable","13":"purchasable","14":"product-type-simple"},"acf":[],"_links":{"self":[{"href":"https:\/\/megacase.com\/de\/wp-json\/wp\/v2\/product\/289864","targetHints":{"allow":["GET"]}}],"collection":[{"href":"https:\/\/megacase.com\/de\/wp-json\/wp\/v2\/product"}],"about":[{"href":"https:\/\/megacase.com\/de\/wp-json\/wp\/v2\/types\/product"}],"wp:featuredmedia":[{"embeddable":true,"href":"https:\/\/megacase.com\/de\/wp-json\/wp\/v2\/media\/289865"}],"wp:attachment":[{"href":"https:\/\/megacase.com\/de\/wp-json\/wp\/v2\/media?parent=289864"}],"wp:term":[{"taxonomy":"product_brand","embeddable":true,"href":"https:\/\/megacase.com\/de\/wp-json\/wp\/v2\/product_brand?post=289864"},{"taxonomy":"product_cat","embeddable":true,"href":"https:\/\/megacase.com\/de\/wp-json\/wp\/v2\/product_cat?post=289864"},{"taxonomy":"product_tag","embeddable":true,"href":"https:\/\/megacase.com\/de\/wp-json\/wp\/v2\/product_tag?post=289864"}],"curies":[{"name":"wp","href":"https:\/\/api.w.org\/{rel}","templated":true}]}}