{"id":289808,"date":"2026-01-29T11:32:54","date_gmt":"2026-01-29T10:32:54","guid":{"rendered":"https:\/\/megacase.com\/?post_type=product&#038;p=289808"},"modified":"2026-03-25T14:37:40","modified_gmt":"2026-03-25T13:37:40","slug":"basiscase-4x-eurolite-led-ip-t-pix-12-hcl-led-leiste","status":"publish","type":"product","link":"https:\/\/megacase.com\/de\/produkt\/basiscase-4x-eurolite-led-ip-t-pix-12-hcl-led-leiste\/","title":{"rendered":"Basiscase 4x Eurolite LED IP T-PIX 12 HCL LED-Leiste"},"content":{"rendered":"<p>Robustes Truhencase auf Lenkrollen als Basiscase f\u00fcr 4 LED-Leisten vom Typ Eurolite LED IP T-PIX 12 HCL. Die Ger\u00e4te werden sicher in einer passgenauen Schaumstoffpolsterung gelagert und sind optimal f\u00fcr Transport und Einsatz bei Veranstaltungen gesch\u00fctzt.<\/p>\n<p>Das Case ist aus stabilem, Phenol-beschichtetem Multiplex gefertigt und mit hochwertigen Flightcase-Beschl\u00e4gen ausgestattet. Dank der 4 Lenkrollen (2 davon gebremst) l\u00e4sst sich das Case bequem bewegen und sicher positionieren.<\/p>\n<p>Ausstattung:<br \/>\n6,8 mm Multiplex Phenol braun<br \/>\n30\/30 mm Aluminiumprofil<br \/>\n4 L-Ecke medium<br \/>\n4 Butterfly mittel<br \/>\n4 Klappgriff medium<br \/>\n4 Kugelecke mittel<br \/>\n4 Kugelecke mittel L-Ecke<br \/>\n4 Lenkrolle 100 mm, davon 2 gebremst<br \/>\nSchaumstoffpolsterung<\/p>\n<p>Hergestellt in Deutschland<br \/>\nAu\u00dfenma\u00dfe ca. BxTxH 1060x735x438mm<br \/>\nGewicht ca. 24,6 Kg<\/p>\n","protected":false},"excerpt":{"rendered":"<p>Robustes Truhencase auf Lenkrollen als Basiscase f\u00fcr 4 LED-Leisten vom Typ Eurolite LED IP T-PIX 12 HCL. Die Ger\u00e4te werden<\/p>\n","protected":false},"featured_media":289825,"template":"","meta":{"_acf_changed":false},"product_brand":[],"product_cat":[13627],"product_tag":[],"class_list":{"0":"post-289808","1":"product","2":"type-product","3":"status-publish","4":"has-post-thumbnail","6":"product_cat-lichtcases","8":"first","9":"instock","10":"taxable","11":"shipping-taxable","12":"purchasable","13":"product-type-simple"},"acf":[],"_links":{"self":[{"href":"https:\/\/megacase.com\/de\/wp-json\/wp\/v2\/product\/289808","targetHints":{"allow":["GET"]}}],"collection":[{"href":"https:\/\/megacase.com\/de\/wp-json\/wp\/v2\/product"}],"about":[{"href":"https:\/\/megacase.com\/de\/wp-json\/wp\/v2\/types\/product"}],"wp:featuredmedia":[{"embeddable":true,"href":"https:\/\/megacase.com\/de\/wp-json\/wp\/v2\/media\/289825"}],"wp:attachment":[{"href":"https:\/\/megacase.com\/de\/wp-json\/wp\/v2\/media?parent=289808"}],"wp:term":[{"taxonomy":"product_brand","embeddable":true,"href":"https:\/\/megacase.com\/de\/wp-json\/wp\/v2\/product_brand?post=289808"},{"taxonomy":"product_cat","embeddable":true,"href":"https:\/\/megacase.com\/de\/wp-json\/wp\/v2\/product_cat?post=289808"},{"taxonomy":"product_tag","embeddable":true,"href":"https:\/\/megacase.com\/de\/wp-json\/wp\/v2\/product_tag?post=289808"}],"curies":[{"name":"wp","href":"https:\/\/api.w.org\/{rel}","templated":true}]}}