{"id":289634,"date":"2026-01-28T12:18:34","date_gmt":"2026-01-28T11:18:34","guid":{"rendered":"https:\/\/megacase.com\/?post_type=product&#038;p=289634"},"modified":"2026-03-25T14:37:41","modified_gmt":"2026-03-25T13:37:41","slug":"pedalcase-neural-dsp-quad-cortex-mini","status":"publish","type":"product","link":"https:\/\/megacase.com\/de\/produkt\/pedalcase-neural-dsp-quad-cortex-mini\/","title":{"rendered":"Pedalcase Neural DSP Quad Cortex Mini"},"content":{"rendered":"<p>Kompaktes und robustes Pedalcase f\u00fcr das Multi-Effektpedal Neural DSP Quad Cortex Mini. Das Ger\u00e4t sitzt sicher in einer passgenauen Schaumstoffpolsterung und kann direkt im Case bedient werden. 4 Gummif\u00fc\u00dfe sorgen f\u00fcr sicheren Stand.<br \/>\nAlle Anschl\u00fcsse bleiben frei zug\u00e4nglich, sodass ein schneller Aufbau im Studio oder auf der B\u00fchne m\u00f6glich ist.<\/p>\n<p>Die stabile Konstruktion aus Phenol-beschichtetem Multiplex und hochwertigen Flightcase-Beschl\u00e4gen bietet optimalen Schutz beim Transport.<\/p>\n<p>Ausstattung:<br \/>\n6,8 mm Multiplex Holz<br \/>\nFarbe Phenol braun<br \/>\n22&#215;22 mm Aluminiumprofil<br \/>\n4 L-Ecke klein<br \/>\n2 Butterfly Verschl\u00fcsse mini<br \/>\n1 Koffergriff<br \/>\n4 Kugelecke klein<br \/>\n4 Kugelecke klein L-Ecke<br \/>\n4 Gummif\u00fc\u00dfe<br \/>\nSchaumstoffpolsterung<\/p>\n<p>** Hinweis: Abgebildete Ger\u00e4te dienen nur der Veranschaulichung und sind KEIN Bestandteil des Angebotes.<\/p>\n<p>Hergestellt in Deutschland<br \/>\nAu\u00dfenma\u00dfe BxTxH 380 x 270 x 126 mm<br \/>\nGewicht: 2,7 kg<\/p>\n","protected":false},"excerpt":{"rendered":"<p>Kompaktes und robustes Pedalcase f\u00fcr das Multi-Effektpedal Neural DSP Quad Cortex Mini. Das Ger\u00e4t sitzt sicher in einer passgenauen Schaumstoffpolsterung<\/p>\n","protected":false},"featured_media":289639,"template":"","meta":{"_acf_changed":false},"product_brand":[],"product_cat":[15823],"product_tag":[],"class_list":{"0":"post-289634","1":"product","2":"type-product","3":"status-publish","4":"has-post-thumbnail","6":"product_cat-pedalcase","8":"first","9":"instock","10":"taxable","11":"shipping-taxable","12":"purchasable","13":"product-type-simple"},"acf":[],"_links":{"self":[{"href":"https:\/\/megacase.com\/de\/wp-json\/wp\/v2\/product\/289634","targetHints":{"allow":["GET"]}}],"collection":[{"href":"https:\/\/megacase.com\/de\/wp-json\/wp\/v2\/product"}],"about":[{"href":"https:\/\/megacase.com\/de\/wp-json\/wp\/v2\/types\/product"}],"wp:featuredmedia":[{"embeddable":true,"href":"https:\/\/megacase.com\/de\/wp-json\/wp\/v2\/media\/289639"}],"wp:attachment":[{"href":"https:\/\/megacase.com\/de\/wp-json\/wp\/v2\/media?parent=289634"}],"wp:term":[{"taxonomy":"product_brand","embeddable":true,"href":"https:\/\/megacase.com\/de\/wp-json\/wp\/v2\/product_brand?post=289634"},{"taxonomy":"product_cat","embeddable":true,"href":"https:\/\/megacase.com\/de\/wp-json\/wp\/v2\/product_cat?post=289634"},{"taxonomy":"product_tag","embeddable":true,"href":"https:\/\/megacase.com\/de\/wp-json\/wp\/v2\/product_tag?post=289634"}],"curies":[{"name":"wp","href":"https:\/\/api.w.org\/{rel}","templated":true}]}}