{"id":289308,"date":"2026-01-15T12:07:11","date_gmt":"2026-01-15T11:07:11","guid":{"rendered":"https:\/\/megacase.com\/?post_type=product&#038;p=289308"},"modified":"2026-03-25T14:37:41","modified_gmt":"2026-03-25T13:37:41","slug":"rane-system-one-controller-case-pvc","status":"publish","type":"product","link":"https:\/\/megacase.com\/de\/produkt\/rane-system-one-controller-case-pvc\/","title":{"rendered":"Rane System One Controller Case PVC"},"content":{"rendered":"<p>Professionelle Konsole f\u00fcr den Rane System One Controller, gefertigt f\u00fcr den sicheren Transport und komfortablen Einsatz im DJ- oder Eventbereich. Das Ger\u00e4t sitzt in einer passgenauen Schaumstoffpolsterung und kann direkt im Unterteil des Cases bedient werden.<\/p>\n<p>Hinter dem Controller befindet sich ein 10 cm breiter Kabelkanal, der eine saubere und praktische Kabelf\u00fchrung erm\u00f6glicht. Die robuste Konstruktion aus Wabenkunststoff und hochwertigen Flightcase-Beschl\u00e4gen sorgt f\u00fcr Stabilit\u00e4t bei gleichzeitig geringem Gewicht.<\/p>\n<p>Ausstattung:<br \/>\n7mm Wabenkunststoff schwarz<br \/>\n22&#215;22 mm Aluminiumprofil<br \/>\n4 L-Ecke medium<br \/>\n4 L-Ecke klein 2-Loch<br \/>\n4 Butterfly mini<br \/>\n1 Ledergriff<br \/>\n2 Klappgriff medium schmal<br \/>\n8 Kugelecke klein gekr\u00f6pft<br \/>\n4 Gummif\u00fc\u00dfe<br \/>\nSchaumstoffpolsterung<\/p>\n<p>** Hinweis: abgebildete Ger\u00e4te dienen nur der Veranschaulichung und sind KEIN Bestandteil des Angebotes.<\/p>\n<p>Hergestellt in Deutschland<br \/>\nAu\u00dfenma\u00dfe BxTxH 815 x 587 x 185 mm<br \/>\nGewicht: 7 kg<\/p>\n","protected":false},"excerpt":{"rendered":"<p>Professionelle Konsole f\u00fcr den Rane System One Controller, gefertigt f\u00fcr den sicheren Transport und komfortablen Einsatz im DJ- oder Eventbereich.<\/p>\n","protected":false},"featured_media":289321,"template":"","meta":{"_acf_changed":false},"product_brand":[],"product_cat":[13493],"product_tag":[],"class_list":{"0":"post-289308","1":"product","2":"type-product","3":"status-publish","4":"has-post-thumbnail","6":"product_cat-dj-equipment-cases","8":"first","9":"instock","10":"taxable","11":"shipping-taxable","12":"purchasable","13":"product-type-simple"},"acf":[],"_links":{"self":[{"href":"https:\/\/megacase.com\/de\/wp-json\/wp\/v2\/product\/289308","targetHints":{"allow":["GET"]}}],"collection":[{"href":"https:\/\/megacase.com\/de\/wp-json\/wp\/v2\/product"}],"about":[{"href":"https:\/\/megacase.com\/de\/wp-json\/wp\/v2\/types\/product"}],"wp:featuredmedia":[{"embeddable":true,"href":"https:\/\/megacase.com\/de\/wp-json\/wp\/v2\/media\/289321"}],"wp:attachment":[{"href":"https:\/\/megacase.com\/de\/wp-json\/wp\/v2\/media?parent=289308"}],"wp:term":[{"taxonomy":"product_brand","embeddable":true,"href":"https:\/\/megacase.com\/de\/wp-json\/wp\/v2\/product_brand?post=289308"},{"taxonomy":"product_cat","embeddable":true,"href":"https:\/\/megacase.com\/de\/wp-json\/wp\/v2\/product_cat?post=289308"},{"taxonomy":"product_tag","embeddable":true,"href":"https:\/\/megacase.com\/de\/wp-json\/wp\/v2\/product_tag?post=289308"}],"curies":[{"name":"wp","href":"https:\/\/api.w.org\/{rel}","templated":true}]}}