{"id":288887,"date":"2025-12-18T12:25:21","date_gmt":"2025-12-18T11:25:21","guid":{"rendered":"https:\/\/megacase.com\/?post_type=product&#038;p=288887"},"modified":"2026-03-25T14:37:42","modified_gmt":"2026-03-25T13:37:42","slug":"mixercase-allenheath-xone-24","status":"publish","type":"product","link":"https:\/\/megacase.com\/de\/produkt\/mixercase-allenheath-xone-24\/","title":{"rendered":"Mixercase Allen&amp;Heath Xone 24"},"content":{"rendered":"<p>Robustes Haubencase, passend f\u00fcr den DJ-Mixer Allen &amp; Heath Xone:24. Das Ger\u00e4t sitzt sicher in einer passgenauen Schaumstoffpolsterung und ist optimal vor St\u00f6\u00dfen und Transportsch\u00e4den gesch\u00fctzt.<\/p>\n<p>Hinter dem Mixer befindet sich ein integrierter Kabelkanal, der eine ordentliche und praktische Kabelf\u00fchrung erm\u00f6glicht. Die stabile Flightcase-Konstruktion aus Phenol-beschichtetem Multiplex und hochwertigen Beschl\u00e4gen ist ideal f\u00fcr den Einsatz im DJ-, Event- und Touringbereich.<\/p>\n<p>Ausstattung:<br \/>\n6,8 mm Multiplex Phenol braun<br \/>\n25&#215;25 mm Aluminiumprofil<br \/>\n8 L-Ecke medium<br \/>\n2 Butterfly mittel<br \/>\n1 Koffergriff<br \/>\n8 Kugelecke mittel<br \/>\n4 Gummif\u00fc\u00dfe<br \/>\nSchaumstoffpolsterung<\/p>\n<p>** Hinweis: abgebildete Ger\u00e4te dienen nur der Veranschaulichung und sind KEIN Bestandteil des Angebotes.<\/p>\n<p>hergestellt in Deutschland<br \/>\nAu\u00dfenma\u00dfe BxTxH 270 x 458 x 200 mm<br \/>\nGewicht: 4,2 kg<\/p>\n","protected":false},"excerpt":{"rendered":"<p>Robustes Haubencase, passend f\u00fcr den DJ-Mixer Allen &amp; Heath Xone:24. Das Ger\u00e4t sitzt sicher in einer passgenauen Schaumstoffpolsterung und ist<\/p>\n","protected":false},"featured_media":288888,"template":"","meta":{"_acf_changed":false},"product_brand":[],"product_cat":[13495,15904],"product_tag":[15394],"class_list":{"0":"post-288887","1":"product","2":"type-product","3":"status-publish","4":"has-post-thumbnail","6":"product_cat-mischpult-cases","7":"product_cat-case-fuer-pa-equipment","8":"product_tag-allen-heath-2","10":"first","11":"instock","12":"taxable","13":"shipping-taxable","14":"purchasable","15":"product-type-simple"},"acf":[],"_links":{"self":[{"href":"https:\/\/megacase.com\/de\/wp-json\/wp\/v2\/product\/288887","targetHints":{"allow":["GET"]}}],"collection":[{"href":"https:\/\/megacase.com\/de\/wp-json\/wp\/v2\/product"}],"about":[{"href":"https:\/\/megacase.com\/de\/wp-json\/wp\/v2\/types\/product"}],"wp:featuredmedia":[{"embeddable":true,"href":"https:\/\/megacase.com\/de\/wp-json\/wp\/v2\/media\/288888"}],"wp:attachment":[{"href":"https:\/\/megacase.com\/de\/wp-json\/wp\/v2\/media?parent=288887"}],"wp:term":[{"taxonomy":"product_brand","embeddable":true,"href":"https:\/\/megacase.com\/de\/wp-json\/wp\/v2\/product_brand?post=288887"},{"taxonomy":"product_cat","embeddable":true,"href":"https:\/\/megacase.com\/de\/wp-json\/wp\/v2\/product_cat?post=288887"},{"taxonomy":"product_tag","embeddable":true,"href":"https:\/\/megacase.com\/de\/wp-json\/wp\/v2\/product_tag?post=288887"}],"curies":[{"name":"wp","href":"https:\/\/api.w.org\/{rel}","templated":true}]}}