{"id":288591,"date":"2025-12-15T13:01:55","date_gmt":"2025-12-15T12:01:55","guid":{"rendered":"https:\/\/megacase.com\/?post_type=product&#038;p=288591"},"modified":"2026-03-25T14:37:42","modified_gmt":"2026-03-25T13:37:42","slug":"bodeneffekt-case-line6-helix-stadium-xl-floor","status":"publish","type":"product","link":"https:\/\/megacase.com\/de\/produkt\/bodeneffekt-case-line6-helix-stadium-xl-floor\/","title":{"rendered":"Bodeneffekt-Case Line6 Helix Stadium XL Floor"},"content":{"rendered":"<p>Bodeneffekt-Case f\u00fcr Line6 Helix Stadium XL Floor<br \/>\nEin Kabelkanal befindet sich hinter dem Ger\u00e4t.<br \/>\nDas Ger\u00e4t kann im Unterteil bedient werden.<\/p>\n<p>6,5 mm Polyboard schwarz<br \/>\n22&#215;22 mm Aluminiumprofil<br \/>\n4 L-Ecke medium<br \/>\n2 Butterfly mini<br \/>\n1 Koffergriff<br \/>\n8 Stahlkugelecke klein<br \/>\n4 Gummif\u00fc\u00dfe<br \/>\nSchaumstoffpolsterung im Boden und Deckel<\/p>\n<p>** Hinweis: abgebildete Ger\u00e4te dienen nur der Veranschaulichung und sind KEIN Bestandteil des Angebotes.<\/p>\n<p>hergestellt in Deutschland<br \/>\nAu\u00dfenma\u00dfe: ca. 558 x 395 x 152 mm<br \/>\nGewicht: ca. 4,8 kg<\/p>\n","protected":false},"excerpt":{"rendered":"<p>Bodeneffekt-Case f\u00fcr Line6 Helix Stadium XL Floor Ein Kabelkanal befindet sich hinter dem Ger\u00e4t. Das Ger\u00e4t kann im Unterteil bedient<\/p>\n","protected":false},"featured_media":288592,"template":"","meta":{"_acf_changed":false},"product_brand":[],"product_cat":[13607,15823],"product_tag":[14357],"class_list":{"0":"post-288591","1":"product","2":"type-product","3":"status-publish","4":"has-post-thumbnail","6":"product_cat-line-6","7":"product_cat-pedalcase","8":"product_tag-line-6","10":"first","11":"instock","12":"taxable","13":"shipping-taxable","14":"purchasable","15":"product-type-simple"},"acf":[],"_links":{"self":[{"href":"https:\/\/megacase.com\/de\/wp-json\/wp\/v2\/product\/288591","targetHints":{"allow":["GET"]}}],"collection":[{"href":"https:\/\/megacase.com\/de\/wp-json\/wp\/v2\/product"}],"about":[{"href":"https:\/\/megacase.com\/de\/wp-json\/wp\/v2\/types\/product"}],"wp:featuredmedia":[{"embeddable":true,"href":"https:\/\/megacase.com\/de\/wp-json\/wp\/v2\/media\/288592"}],"wp:attachment":[{"href":"https:\/\/megacase.com\/de\/wp-json\/wp\/v2\/media?parent=288591"}],"wp:term":[{"taxonomy":"product_brand","embeddable":true,"href":"https:\/\/megacase.com\/de\/wp-json\/wp\/v2\/product_brand?post=288591"},{"taxonomy":"product_cat","embeddable":true,"href":"https:\/\/megacase.com\/de\/wp-json\/wp\/v2\/product_cat?post=288591"},{"taxonomy":"product_tag","embeddable":true,"href":"https:\/\/megacase.com\/de\/wp-json\/wp\/v2\/product_tag?post=288591"}],"curies":[{"name":"wp","href":"https:\/\/api.w.org\/{rel}","templated":true}]}}