{"id":288547,"date":"2025-12-15T12:50:32","date_gmt":"2025-12-15T11:50:32","guid":{"rendered":"https:\/\/megacase.com\/?post_type=product&#038;p=288547"},"modified":"2026-03-25T14:37:42","modified_gmt":"2026-03-25T13:37:42","slug":"haube-fuer-elektrischen-monitorstaender-ergo-xs-efk6200z-65-zoll-tv","status":"publish","type":"product","link":"https:\/\/megacase.com\/de\/produkt\/haube-fuer-elektrischen-monitorstaender-ergo-xs-efk6200z-65-zoll-tv\/","title":{"rendered":"Haube f\u00fcr Elektrischen Monitorst\u00e4nder ERGO XS eFK6200Z + 65 Zoll TV"},"content":{"rendered":"<p>Haube f\u00fcr Elektrischen Monitorst\u00e4nder ERGO XS eFK6200Z + 65 Zoll TV<\/p>\n<p>Geteiltes Heavy Haubencase f\u00fcr Elektrischen Monitorst\u00e4nder ERGO XS eFK6200Z<br \/>\nmit montiertem 65&#8243; Display (max. 1489x891x87mm BxHxT)<br \/>\nDer Displayst\u00e4nder bleibt fest im Unterteil montiert.<br \/>\nFach f\u00fcr PC im Unterteil mit Gurten zur Fixierung. <\/p>\n<p>9 mm Multiplex farbig beschichtet<br \/>\n&#8211; Farbe aus unserer Farbkarte frei w\u00e4hlbar<br \/>\n35\/35 mm Aluminiumprofil<br \/>\n12 L-Ecke gro\u00df gekr\u00f6pft<br \/>\n8 Butterfly gro\u00df<br \/>\n8 Klappgriff gro\u00df<br \/>\n8 Kugelecke gro\u00df<br \/>\n4 Lenkrolle 100mm, davon 2 gebremst<br \/>\nSchaumstoffpolsterung<\/p>\n<p>** Hinweis: abgebildete Ger\u00e4te dienen nur der Veranschaulichung und sind KEIN Bestandteil des Angebotes.<br \/>\nAchtung: Zur Montage muss der Monitorst\u00e4nder zu LT-Cases geschickt werden!<\/p>\n<p>hergestellt in Deutschland<br \/>\nAu\u00dfenma\u00dfe BxTxH 1558 x 720 x 1268 mm<br \/>\nGewicht: 155 kg inkl. Display und Monitorst\u00e4nder <\/p>\n","protected":false},"excerpt":{"rendered":"<p>Haube f\u00fcr Elektrischen Monitorst\u00e4nder ERGO XS eFK6200Z + 65 Zoll TV Geteiltes Heavy Haubencase f\u00fcr Elektrischen Monitorst\u00e4nder ERGO XS eFK6200Z<\/p>\n","protected":false},"featured_media":288548,"template":"","meta":{"_acf_changed":false},"product_brand":[],"product_cat":[13612],"product_tag":[],"class_list":{"0":"post-288547","1":"product","2":"type-product","3":"status-publish","4":"has-post-thumbnail","6":"product_cat-display-monitor","8":"first","9":"instock","10":"taxable","11":"shipping-taxable","12":"purchasable","13":"product-type-simple"},"acf":[],"_links":{"self":[{"href":"https:\/\/megacase.com\/de\/wp-json\/wp\/v2\/product\/288547","targetHints":{"allow":["GET"]}}],"collection":[{"href":"https:\/\/megacase.com\/de\/wp-json\/wp\/v2\/product"}],"about":[{"href":"https:\/\/megacase.com\/de\/wp-json\/wp\/v2\/types\/product"}],"wp:featuredmedia":[{"embeddable":true,"href":"https:\/\/megacase.com\/de\/wp-json\/wp\/v2\/media\/288548"}],"wp:attachment":[{"href":"https:\/\/megacase.com\/de\/wp-json\/wp\/v2\/media?parent=288547"}],"wp:term":[{"taxonomy":"product_brand","embeddable":true,"href":"https:\/\/megacase.com\/de\/wp-json\/wp\/v2\/product_brand?post=288547"},{"taxonomy":"product_cat","embeddable":true,"href":"https:\/\/megacase.com\/de\/wp-json\/wp\/v2\/product_cat?post=288547"},{"taxonomy":"product_tag","embeddable":true,"href":"https:\/\/megacase.com\/de\/wp-json\/wp\/v2\/product_tag?post=288547"}],"curies":[{"name":"wp","href":"https:\/\/api.w.org\/{rel}","templated":true}]}}