{"id":288069,"date":"2025-12-03T12:36:20","date_gmt":"2025-12-03T11:36:20","guid":{"rendered":"https:\/\/megacase.com\/?post_type=product&#038;p=288069"},"modified":"2026-03-25T14:37:43","modified_gmt":"2026-03-25T13:37:43","slug":"schaumstoffinlay-sennheiser-spectera-dad-uhf","status":"publish","type":"product","link":"https:\/\/megacase.com\/de\/produkt\/schaumstoffinlay-sennheiser-spectera-dad-uhf\/","title":{"rendered":"Schaumstoffinlay Sennheiser Spectera DAD UHF"},"content":{"rendered":"<p>Schaumstoffinlay schwarz f\u00fcr 2 Sennheiser Spectera DAD UHF Flag.<br \/>\nDie beiden Antennenseiten liegen \u00fcbereinander ohne sich zu ber\u00fchren.<br \/>\nDas Inlay ist passend f\u00fcr unsere System-Inlay Koffer und 2 HE Rackschubladen.<br \/>\nDer Ausschnitt f\u00fcr das Schloss ist bereits gefr\u00e4st.<\/p>\n<p>** Hinweis: abgebildete Ger\u00e4te dienen nur der Veranschaulichung und sind KEIN Bestandteil des Angebotes.<\/p>\n<p>hergestellt in Deutschland.<br \/>\nAu\u00dfenma\u00dfe: BxTxH 400x370x60 mm<\/p>\n","protected":false},"excerpt":{"rendered":"<p>Schaumstoffinlay schwarz f\u00fcr 2 Sennheiser Spectera DAD UHF Flag. Die beiden Antennenseiten liegen \u00fcbereinander ohne sich zu ber\u00fchren. Das Inlay<\/p>\n","protected":false},"featured_media":288082,"template":"","meta":{"_acf_changed":false},"product_brand":[],"product_cat":[16313],"product_tag":[16488,16489],"class_list":{"0":"post-288069","1":"product","2":"type-product","3":"status-publish","4":"has-post-thumbnail","6":"product_cat-zubehoer-bauteile","7":"product_tag-sennheiser","8":"product_tag-inlay","10":"first","11":"instock","12":"taxable","13":"shipping-taxable","14":"purchasable","15":"product-type-simple"},"acf":[],"_links":{"self":[{"href":"https:\/\/megacase.com\/de\/wp-json\/wp\/v2\/product\/288069","targetHints":{"allow":["GET"]}}],"collection":[{"href":"https:\/\/megacase.com\/de\/wp-json\/wp\/v2\/product"}],"about":[{"href":"https:\/\/megacase.com\/de\/wp-json\/wp\/v2\/types\/product"}],"wp:featuredmedia":[{"embeddable":true,"href":"https:\/\/megacase.com\/de\/wp-json\/wp\/v2\/media\/288082"}],"wp:attachment":[{"href":"https:\/\/megacase.com\/de\/wp-json\/wp\/v2\/media?parent=288069"}],"wp:term":[{"taxonomy":"product_brand","embeddable":true,"href":"https:\/\/megacase.com\/de\/wp-json\/wp\/v2\/product_brand?post=288069"},{"taxonomy":"product_cat","embeddable":true,"href":"https:\/\/megacase.com\/de\/wp-json\/wp\/v2\/product_cat?post=288069"},{"taxonomy":"product_tag","embeddable":true,"href":"https:\/\/megacase.com\/de\/wp-json\/wp\/v2\/product_tag?post=288069"}],"curies":[{"name":"wp","href":"https:\/\/api.w.org\/{rel}","templated":true}]}}