{"id":287981,"date":"2025-12-03T12:11:27","date_gmt":"2025-12-03T11:11:27","guid":{"rendered":"https:\/\/megacase.com\/?post_type=product&#038;p=287981"},"modified":"2026-03-25T14:37:43","modified_gmt":"2026-03-25T13:37:43","slug":"universal-versorgungsstation-mit-schubladen","status":"publish","type":"product","link":"https:\/\/megacase.com\/de\/produkt\/universal-versorgungsstation-mit-schubladen\/","title":{"rendered":"Universal Versorgungsstation mit Schubladen"},"content":{"rendered":"<p>Profi Winkel Case &#8211; Universal Versorgungsstation<br \/>\nmit Abstellfl\u00e4che f\u00fcr Ger\u00e4te ca. 740x710x540mm BxTxH.<\/p>\n<p>Ein Kabeldurchlass befindet sich in der Ablagefl\u00e4che und ein Kabelauslass in der Bodenplatte.<br \/>\nUnter der Ablagefl\u00e4che sind 6 Schubladen &#8211; aufgeteilt auf 3 Ebenen mit je 2 Schubladen.<br \/>\nInnnenh\u00f6hen der Schubladen von unten nach oben &#8211; 228mm, 228mm und 174mm.<br \/>\nAlle Schubladen sind mittels Steckbrettern in der Breite variabel unterteilbar.<\/p>\n<p>9 mm Multiplex farbig beschichtet<br \/>\n&#8211; Farbe aus unserer Farbkarte frei w\u00e4hlbar.<br \/>\n30&#215;30 mm Aluminiumprofil<br \/>\n8 Butterfly mittel<br \/>\n10 Klappgriff medium<br \/>\n4 Kantengriff<br \/>\n8 Stahlkugelecke gro\u00df<br \/>\n4 100mm Lenkrolle, davon 2 gebremst<br \/>\nSchaumstoffpolsterung<\/p>\n<p>hergestellt in Deutschland<br \/>\nAu\u00dfenma\u00dfe BxTxH 780 x 780 x 1614 mm<br \/>\nGewicht: 133,4 kg<\/p>\n<p>** Optional kann das Case auch mit Ihrem Logo bedruckt werden<\/p>\n","protected":false},"excerpt":{"rendered":"<p>Profi Winkel Case &#8211; Universal Versorgungsstation mit Abstellfl\u00e4che f\u00fcr Ger\u00e4te ca. 740x710x540mm BxTxH. Ein Kabeldurchlass befindet sich in der Ablagefl\u00e4che<\/p>\n","protected":false},"featured_media":288002,"template":"","meta":{"_acf_changed":false},"product_brand":[],"product_cat":[13512,13565,13508],"product_tag":[],"class_list":{"0":"post-287981","1":"product","2":"type-product","3":"status-publish","4":"has-post-thumbnail","6":"product_cat-case-zubehoer","7":"product_cat-catering-und-event-cases","8":"product_cat-universal-flightcases","10":"first","11":"instock","12":"taxable","13":"shipping-taxable","14":"purchasable","15":"product-type-simple"},"acf":[],"_links":{"self":[{"href":"https:\/\/megacase.com\/de\/wp-json\/wp\/v2\/product\/287981","targetHints":{"allow":["GET"]}}],"collection":[{"href":"https:\/\/megacase.com\/de\/wp-json\/wp\/v2\/product"}],"about":[{"href":"https:\/\/megacase.com\/de\/wp-json\/wp\/v2\/types\/product"}],"wp:featuredmedia":[{"embeddable":true,"href":"https:\/\/megacase.com\/de\/wp-json\/wp\/v2\/media\/288002"}],"wp:attachment":[{"href":"https:\/\/megacase.com\/de\/wp-json\/wp\/v2\/media?parent=287981"}],"wp:term":[{"taxonomy":"product_brand","embeddable":true,"href":"https:\/\/megacase.com\/de\/wp-json\/wp\/v2\/product_brand?post=287981"},{"taxonomy":"product_cat","embeddable":true,"href":"https:\/\/megacase.com\/de\/wp-json\/wp\/v2\/product_cat?post=287981"},{"taxonomy":"product_tag","embeddable":true,"href":"https:\/\/megacase.com\/de\/wp-json\/wp\/v2\/product_tag?post=287981"}],"curies":[{"name":"wp","href":"https:\/\/api.w.org\/{rel}","templated":true}]}}