{"id":287738,"date":"2025-11-26T12:13:51","date_gmt":"2025-11-26T11:13:51","guid":{"rendered":"https:\/\/megacase.com\/?post_type=product&#038;p=287738"},"modified":"2026-03-25T14:37:44","modified_gmt":"2026-03-25T13:37:44","slug":"winkelcase-grandma3-on-pc-command-wing-2x15-oder-27-monitor","status":"publish","type":"product","link":"https:\/\/megacase.com\/de\/produkt\/winkelcase-grandma3-on-pc-command-wing-2x15-oder-27-monitor\/","title":{"rendered":"Winkelcase GrandMA3 on PC Command Wing + 2&#215;15&#8243; oder 27&#8243; Monitor"},"content":{"rendered":"<p>Winkelcase mit abnehmbarem Rollbrett f\u00fcr ein GrandMA3 on PC Command Wing<br \/>\nMonitorbr\u00fccke f\u00fcr einen 27&#8243; Monitor oder alternativ<br \/>\n2x 15&#8243; Monitore mit den maximalen Ma\u00dfen BxHxT 340x270x50 mm.<br \/>\n&#8211; geschlossenes Fach links neben dem MA<br \/>\n&#8211; Tastaturauszug unter dem Command Wing<br \/>\n&#8211; Fach f\u00fcr 2Port Node neben dem Auszug<br \/>\n&#8211; 1x D-Norm Anschluss vorne<br \/>\n&#8211; 12x D-Norm Anschluss hinten<\/p>\n<p>6,8 mm Multiplex schwarz RAL 9004<br \/>\n30\/30 mm Aluminiumprofil<br \/>\n4 L-Ecke medium<br \/>\n8 Butterfly mittel<br \/>\n10 Klappgriff medium<br \/>\n8 Stahlkugelecke mittel<br \/>\n4 Lenkrolle, davon 2 gebremst<br \/>\n4 Overlatch Verschluss<br \/>\n1 Rollbrett abnehmbar<br \/>\n4 Gummif\u00fc\u00dfe<br \/>\nRutschleisten<br \/>\nSchaumstoffpolsterung<\/p>\n<p>hergestellt in Deutschland<br \/>\nAu\u00dfenma\u00dfe BxTxH 915x830x375 mm<br \/>\nGewicht: 34,3 kg<\/p>\n","protected":false},"excerpt":{"rendered":"<p>Winkelcase mit abnehmbarem Rollbrett f\u00fcr ein GrandMA3 on PC Command Wing Monitorbr\u00fccke f\u00fcr einen 27&#8243; Monitor oder alternativ 2x 15&#8243;<\/p>\n","protected":false},"featured_media":287739,"template":"","meta":{"_acf_changed":false},"product_brand":[],"product_cat":[13495,13572,13627],"product_tag":[],"class_list":{"0":"post-287738","1":"product","2":"type-product","3":"status-publish","4":"has-post-thumbnail","6":"product_cat-mischpult-cases","7":"product_cat-ma-lighting","8":"product_cat-lichtcases","10":"first","11":"instock","12":"taxable","13":"shipping-taxable","14":"purchasable","15":"product-type-simple"},"acf":[],"_links":{"self":[{"href":"https:\/\/megacase.com\/de\/wp-json\/wp\/v2\/product\/287738","targetHints":{"allow":["GET"]}}],"collection":[{"href":"https:\/\/megacase.com\/de\/wp-json\/wp\/v2\/product"}],"about":[{"href":"https:\/\/megacase.com\/de\/wp-json\/wp\/v2\/types\/product"}],"wp:featuredmedia":[{"embeddable":true,"href":"https:\/\/megacase.com\/de\/wp-json\/wp\/v2\/media\/287739"}],"wp:attachment":[{"href":"https:\/\/megacase.com\/de\/wp-json\/wp\/v2\/media?parent=287738"}],"wp:term":[{"taxonomy":"product_brand","embeddable":true,"href":"https:\/\/megacase.com\/de\/wp-json\/wp\/v2\/product_brand?post=287738"},{"taxonomy":"product_cat","embeddable":true,"href":"https:\/\/megacase.com\/de\/wp-json\/wp\/v2\/product_cat?post=287738"},{"taxonomy":"product_tag","embeddable":true,"href":"https:\/\/megacase.com\/de\/wp-json\/wp\/v2\/product_tag?post=287738"}],"curies":[{"name":"wp","href":"https:\/\/api.w.org\/{rel}","templated":true}]}}