{"id":287570,"date":"2025-11-26T10:01:06","date_gmt":"2025-11-26T09:01:06","guid":{"rendered":"https:\/\/megacase.com\/?post_type=product&#038;p=287570"},"modified":"2026-03-25T14:37:44","modified_gmt":"2026-03-25T13:37:44","slug":"keyboard-case-typ-3-yamaha-modx-m8","status":"publish","type":"product","link":"https:\/\/megacase.com\/de\/produkt\/keyboard-case-typ-3-yamaha-modx-m8\/","title":{"rendered":"Keyboard Case Typ 3 Yamaha MODX M8"},"content":{"rendered":"<p>Keyboard Case in Profiqualit\u00e4t Ausf\u00fchrung Typ3<br \/>\npassgenau f\u00fcr ein Yamaha MODX M8.<br \/>\nDas Ger\u00e4t ist im Case spielbar.<\/p>\n<p>6,8 mm Multiplex Phenol braun<br \/>\n30&#215;30 mm Aluminiumprofil<br \/>\n4 L-Ecke medium<br \/>\n4 Butterfly mittel<br \/>\n2 Klappgriff medium<br \/>\n4 Kugelecke mittel<br \/>\n4 Kugelecke mittel L-Ecke<br \/>\nSchaumstoffpolsterung<\/p>\n<p>hergestellt in Deutschland<br \/>\nAu\u00dfenma\u00dfe BxTxH 1372 x 455 x 255 mm<br \/>\nGewicht: 14,1 kg<\/p>\n","protected":false},"excerpt":{"rendered":"<p>Keyboard Case in Profiqualit\u00e4t Ausf\u00fchrung Typ3 passgenau f\u00fcr ein Yamaha MODX M8. Das Ger\u00e4t ist im Case spielbar. 6,8 mm<\/p>\n","protected":false},"featured_media":287571,"template":"","meta":{"_acf_changed":false},"product_brand":[],"product_cat":[13511],"product_tag":[],"class_list":{"0":"post-287570","1":"product","2":"type-product","3":"status-publish","4":"has-post-thumbnail","6":"product_cat-keyboard-cases","8":"first","9":"instock","10":"taxable","11":"shipping-taxable","12":"purchasable","13":"product-type-simple"},"acf":[],"_links":{"self":[{"href":"https:\/\/megacase.com\/de\/wp-json\/wp\/v2\/product\/287570","targetHints":{"allow":["GET"]}}],"collection":[{"href":"https:\/\/megacase.com\/de\/wp-json\/wp\/v2\/product"}],"about":[{"href":"https:\/\/megacase.com\/de\/wp-json\/wp\/v2\/types\/product"}],"wp:featuredmedia":[{"embeddable":true,"href":"https:\/\/megacase.com\/de\/wp-json\/wp\/v2\/media\/287571"}],"wp:attachment":[{"href":"https:\/\/megacase.com\/de\/wp-json\/wp\/v2\/media?parent=287570"}],"wp:term":[{"taxonomy":"product_brand","embeddable":true,"href":"https:\/\/megacase.com\/de\/wp-json\/wp\/v2\/product_brand?post=287570"},{"taxonomy":"product_cat","embeddable":true,"href":"https:\/\/megacase.com\/de\/wp-json\/wp\/v2\/product_cat?post=287570"},{"taxonomy":"product_tag","embeddable":true,"href":"https:\/\/megacase.com\/de\/wp-json\/wp\/v2\/product_tag?post=287570"}],"curies":[{"name":"wp","href":"https:\/\/api.w.org\/{rel}","templated":true}]}}