{"id":287494,"date":"2025-11-26T09:46:12","date_gmt":"2025-11-26T08:46:12","guid":{"rendered":"https:\/\/megacase.com\/?post_type=product&#038;p=287494"},"modified":"2026-03-25T14:37:44","modified_gmt":"2026-03-25T13:37:44","slug":"keyboard-case-spezial-76-yamaha-modx-m7","status":"publish","type":"product","link":"https:\/\/megacase.com\/de\/produkt\/keyboard-case-spezial-76-yamaha-modx-m7\/","title":{"rendered":"Keyboard Case Spezial 76 Yamaha MODX M7"},"content":{"rendered":"<p>Keyboard Case Profiqualit\u00e4t in Ausf\u00fchrung Spezial 76<br \/>\nf\u00fcr ein Yamaha MODX M7.<\/p>\n<p>6,8 mm Multiplex Phenol braun<br \/>\n30&#215;30 mm Aluminiumprofil<br \/>\n4 L-Ecke medium<br \/>\n2 Butterfly mittel<br \/>\n2 Feststellscharnier gro\u00df<br \/>\n2 Klappgriff medium<br \/>\n1 Ledergriff<br \/>\n4 Kugelecke mittel<br \/>\n4 Kugelecke mittel L-Ecke<br \/>\nSchaumstoffpolsterung<\/p>\n<p>hergestellt in Deutschland<br \/>\nAu\u00dfenma\u00dfe BxTxH 1150 x 445 x 170 mm<br \/>\nGewicht: 10 kg<\/p>\n","protected":false},"excerpt":{"rendered":"<p>Keyboard Case Profiqualit\u00e4t in Ausf\u00fchrung Spezial 76 f\u00fcr ein Yamaha MODX M7. 6,8 mm Multiplex Phenol braun 30&#215;30 mm Aluminiumprofil<\/p>\n","protected":false},"featured_media":287495,"template":"","meta":{"_acf_changed":false},"product_brand":[],"product_cat":[13511],"product_tag":[],"class_list":{"0":"post-287494","1":"product","2":"type-product","3":"status-publish","4":"has-post-thumbnail","6":"product_cat-keyboard-cases","8":"first","9":"instock","10":"taxable","11":"shipping-taxable","12":"purchasable","13":"product-type-simple"},"acf":[],"_links":{"self":[{"href":"https:\/\/megacase.com\/de\/wp-json\/wp\/v2\/product\/287494","targetHints":{"allow":["GET"]}}],"collection":[{"href":"https:\/\/megacase.com\/de\/wp-json\/wp\/v2\/product"}],"about":[{"href":"https:\/\/megacase.com\/de\/wp-json\/wp\/v2\/types\/product"}],"wp:featuredmedia":[{"embeddable":true,"href":"https:\/\/megacase.com\/de\/wp-json\/wp\/v2\/media\/287495"}],"wp:attachment":[{"href":"https:\/\/megacase.com\/de\/wp-json\/wp\/v2\/media?parent=287494"}],"wp:term":[{"taxonomy":"product_brand","embeddable":true,"href":"https:\/\/megacase.com\/de\/wp-json\/wp\/v2\/product_brand?post=287494"},{"taxonomy":"product_cat","embeddable":true,"href":"https:\/\/megacase.com\/de\/wp-json\/wp\/v2\/product_cat?post=287494"},{"taxonomy":"product_tag","embeddable":true,"href":"https:\/\/megacase.com\/de\/wp-json\/wp\/v2\/product_tag?post=287494"}],"curies":[{"name":"wp","href":"https:\/\/api.w.org\/{rel}","templated":true}]}}