{"id":286669,"date":"2025-11-05T09:36:02","date_gmt":"2025-11-05T08:36:02","guid":{"rendered":"https:\/\/megacase.com\/?post_type=product&#038;p=286669"},"modified":"2026-03-25T14:37:46","modified_gmt":"2026-03-25T13:37:46","slug":"zubehoercase-1x4-kisten-e2-euronorm-tischfunktion-2","status":"publish","type":"product","link":"https:\/\/megacase.com\/de\/produkt\/zubehoercase-1x4-kisten-e2-euronorm-tischfunktion-2\/","title":{"rendered":"Zubeh\u00f6rcase 1&#215;4 Kisten E2 Euronorm + Tischfunktion"},"content":{"rendered":"<p>Ideal zum Sortieren von Kabel und Kleinkram auf der B\u00fchne und FOH (front of House).<br \/>\nDie vier Kunststoffk\u00e4sten E2 kann man zus\u00e4tzlich mit einem Trennwandset unterteilen (als Zubeh\u00f6r siehe 328318 bzw. 587001).<\/p>\n<p>9 mm Multiplex farbig beschichtet<br \/>\n&#8211; Farbe aus unserer Farbkarte frei w\u00e4hlbar<br \/>\n30&#215;30 mm Aluminiumprofil<br \/>\n4 Butterfly mittel<br \/>\n2 Klappgriff medium<br \/>\n8 Flache Stahlecken<br \/>\n2 Tischbeine h\u00f6henverstellbar<br \/>\n2 Tischverbinder<br \/>\n4 Aufnahmen f\u00fcr Tischverbinder<br \/>\n4 Lenkrollen 100mm &#8222;Blue Wheels&#8220; bis 450 kg belastbar (4 davon gebremst)<br \/>\n4 Einschubk\u00e4sten (BxTxH) 56,5 x 36,5 x 19,5cm<br \/>\nAuflagewinkel aus Alu<\/p>\n<p>hergestellt in Deutschland<br \/>\nAu\u00dfenma\u00dfe BxTxH 645x5155x1033 mm<br \/>\nGewicht: 44,4 kg<\/p>\n","protected":false},"excerpt":{"rendered":"<p>Ideal zum Sortieren von Kabel und Kleinkram auf der B\u00fchne und FOH (front of House). Die vier Kunststoffk\u00e4sten E2 kann<\/p>\n","protected":false},"featured_media":286754,"template":"","meta":{"_acf_changed":false},"product_brand":[],"product_cat":[13508,13512,13565],"product_tag":[16484],"class_list":{"0":"post-286669","1":"product","2":"type-product","3":"status-publish","4":"has-post-thumbnail","6":"product_cat-universal-flightcases","7":"product_cat-case-zubehoer","8":"product_cat-catering-und-event-cases","9":"product_tag-euronorm","11":"first","12":"instock","13":"taxable","14":"shipping-taxable","15":"purchasable","16":"product-type-simple"},"acf":[],"_links":{"self":[{"href":"https:\/\/megacase.com\/de\/wp-json\/wp\/v2\/product\/286669","targetHints":{"allow":["GET"]}}],"collection":[{"href":"https:\/\/megacase.com\/de\/wp-json\/wp\/v2\/product"}],"about":[{"href":"https:\/\/megacase.com\/de\/wp-json\/wp\/v2\/types\/product"}],"wp:featuredmedia":[{"embeddable":true,"href":"https:\/\/megacase.com\/de\/wp-json\/wp\/v2\/media\/286754"}],"wp:attachment":[{"href":"https:\/\/megacase.com\/de\/wp-json\/wp\/v2\/media?parent=286669"}],"wp:term":[{"taxonomy":"product_brand","embeddable":true,"href":"https:\/\/megacase.com\/de\/wp-json\/wp\/v2\/product_brand?post=286669"},{"taxonomy":"product_cat","embeddable":true,"href":"https:\/\/megacase.com\/de\/wp-json\/wp\/v2\/product_cat?post=286669"},{"taxonomy":"product_tag","embeddable":true,"href":"https:\/\/megacase.com\/de\/wp-json\/wp\/v2\/product_tag?post=286669"}],"curies":[{"name":"wp","href":"https:\/\/api.w.org\/{rel}","templated":true}]}}