{"id":286418,"date":"2025-11-03T11:21:59","date_gmt":"2025-11-03T10:21:59","guid":{"rendered":"https:\/\/megacase.com\/?post_type=product&#038;p=286418"},"modified":"2026-03-25T14:37:47","modified_gmt":"2026-03-25T13:37:47","slug":"merchandise-case-mit-6-faechern-und-ablage","status":"publish","type":"product","link":"https:\/\/megacase.com\/de\/produkt\/merchandise-case-mit-6-faechern-und-ablage\/","title":{"rendered":"Merchandise Case mit 6 F\u00e4chern und Ablage"},"content":{"rendered":"<p>Profi-Merchandise Case auf 100mm Lenkrollen<br \/>\nmit 6 F\u00e4chern f\u00fcr Euronorm E2 Boxen und einer Ablage.<br \/>\n2 x 3 F\u00e4cher passend f\u00fcr Euroboxen 600x400x200 mm (ZUB3186).<br \/>\n*(Die Boxen sind nicht im Lieferumfang enthalten, bitte separat bestellen!)<br \/>\nDar\u00fcber befindet sich eine Ablage und rechtsseitig ein Kabelauslass.<br \/>\nDeckel vorne um 180\u00b0 aufklappbar.<br \/>\nDeckel wird seitlich mit Overlatch-Verschl\u00fcssen fixiert.<\/p>\n<p>9 mm Multiplex farbig beschichtet<br \/>\n&#8211; Farbe aus unserer Farbkarte frei w\u00e4hlbar.<br \/>\n30&#215;30 mm Aluminiumprofil<br \/>\n4 L-Ecke gro\u00df<br \/>\n4 Butterfly mittel<br \/>\n2 L-Scharnier<br \/>\n5 Scharnier 6-Loch<br \/>\n7 Klappgriff medium<br \/>\n2 Overlatch gro\u00df + Schlie\u00dfe<br \/>\n1 Kabeldurchlass rund<br \/>\n2 Einbauflansch Tischverbinder<br \/>\n5 Gummif\u00fc\u00dfe<br \/>\n8 Flachecke gro\u00df<br \/>\n4 100mm Lenkrollen gebremst<br \/>\nSchaumstoffpolsterung<\/p>\n<p>hergestellt in Deutschland<br \/>\nAu\u00dfenma\u00dfe BxTxH 1900 x 480 x 1110 mm<br \/>\nGewicht: 96 kg<\/p>\n","protected":false},"excerpt":{"rendered":"<p>Profi-Merchandise Case auf 100mm Lenkrollen mit 6 F\u00e4chern f\u00fcr Euronorm E2 Boxen und einer Ablage. 2 x 3 F\u00e4cher passend<\/p>\n","protected":false},"featured_media":286435,"template":"","meta":{"_acf_changed":false},"product_brand":[],"product_cat":[13512,13565,16384,13508],"product_tag":[16484],"class_list":{"0":"post-286418","1":"product","2":"type-product","3":"status-publish","4":"has-post-thumbnail","6":"product_cat-case-zubehoer","7":"product_cat-catering-und-event-cases","8":"product_cat-office-cases","9":"product_cat-universal-flightcases","10":"product_tag-euronorm","12":"first","13":"instock","14":"taxable","15":"shipping-taxable","16":"purchasable","17":"product-type-simple"},"acf":[],"_links":{"self":[{"href":"https:\/\/megacase.com\/de\/wp-json\/wp\/v2\/product\/286418","targetHints":{"allow":["GET"]}}],"collection":[{"href":"https:\/\/megacase.com\/de\/wp-json\/wp\/v2\/product"}],"about":[{"href":"https:\/\/megacase.com\/de\/wp-json\/wp\/v2\/types\/product"}],"wp:featuredmedia":[{"embeddable":true,"href":"https:\/\/megacase.com\/de\/wp-json\/wp\/v2\/media\/286435"}],"wp:attachment":[{"href":"https:\/\/megacase.com\/de\/wp-json\/wp\/v2\/media?parent=286418"}],"wp:term":[{"taxonomy":"product_brand","embeddable":true,"href":"https:\/\/megacase.com\/de\/wp-json\/wp\/v2\/product_brand?post=286418"},{"taxonomy":"product_cat","embeddable":true,"href":"https:\/\/megacase.com\/de\/wp-json\/wp\/v2\/product_cat?post=286418"},{"taxonomy":"product_tag","embeddable":true,"href":"https:\/\/megacase.com\/de\/wp-json\/wp\/v2\/product_tag?post=286418"}],"curies":[{"name":"wp","href":"https:\/\/api.w.org\/{rel}","templated":true}]}}