{"id":286259,"date":"2025-10-22T10:19:10","date_gmt":"2025-10-22T08:19:10","guid":{"rendered":"https:\/\/megacase.com\/?post_type=product&#038;p=286259"},"modified":"2026-03-25T14:37:47","modified_gmt":"2026-03-25T13:37:47","slug":"trennwandset-zubehoercase-2x3-box-euronorm-e2-polyboard","status":"publish","type":"product","link":"https:\/\/megacase.com\/de\/produkt\/trennwandset-zubehoercase-2x3-box-euronorm-e2-polyboard\/","title":{"rendered":"Trennwandset Zubeh\u00f6rcase E2 Euronorm Polyboard"},"content":{"rendered":"<p>Ma\u00dfgefertige Trennw\u00e4nde f\u00fcr Zubeh\u00f6rcase 1&#215;3 oder 2&#215;3 Box bzw. E2 K\u00e4sten<br \/>\nSatz besteht aus zwei Quer-und zwei L\u00e4ngs-Trennw\u00e4nden<br \/>\n<a href=\"https:\/\/megacase.com\/de\/?s=euronorm&amp;post_type=product\"><\/a><br \/>\n9 mm Polyboard schwarz<br \/>\nKanten gerundet<br \/>\nEinteilung in 5cm und 7cm Schritten<\/p>\n<p>** Hinweis: Die Zubeh\u00f6rbox Euronorm E2 ist nicht im Angebot enthalten.<br \/>\nBitte separat unter Art-Nr. ZUB3186 bestellen.<\/p>\n<p>hergestellt in Deutschland<br \/>\nMa\u00dfe BxTxH 550x350x195 mm<br \/>\nGewicht ca. 2 kg<\/p>\n","protected":false},"excerpt":{"rendered":"<p>Ma\u00dfgefertige Trennw\u00e4nde f\u00fcr Zubeh\u00f6rcase 1&#215;3 oder 2&#215;3 Box bzw. E2 K\u00e4sten Satz besteht aus zwei Quer-und zwei L\u00e4ngs-Trennw\u00e4nden 9 mm<\/p>\n","protected":false},"featured_media":286255,"template":"","meta":{"_acf_changed":false},"product_brand":[],"product_cat":[16313],"product_tag":[16484],"class_list":{"0":"post-286259","1":"product","2":"type-product","3":"status-publish","4":"has-post-thumbnail","6":"product_cat-zubehoer-bauteile","7":"product_tag-euronorm","9":"first","10":"instock","11":"taxable","12":"shipping-taxable","13":"purchasable","14":"product-type-simple"},"acf":[],"_links":{"self":[{"href":"https:\/\/megacase.com\/de\/wp-json\/wp\/v2\/product\/286259","targetHints":{"allow":["GET"]}}],"collection":[{"href":"https:\/\/megacase.com\/de\/wp-json\/wp\/v2\/product"}],"about":[{"href":"https:\/\/megacase.com\/de\/wp-json\/wp\/v2\/types\/product"}],"wp:featuredmedia":[{"embeddable":true,"href":"https:\/\/megacase.com\/de\/wp-json\/wp\/v2\/media\/286255"}],"wp:attachment":[{"href":"https:\/\/megacase.com\/de\/wp-json\/wp\/v2\/media?parent=286259"}],"wp:term":[{"taxonomy":"product_brand","embeddable":true,"href":"https:\/\/megacase.com\/de\/wp-json\/wp\/v2\/product_brand?post=286259"},{"taxonomy":"product_cat","embeddable":true,"href":"https:\/\/megacase.com\/de\/wp-json\/wp\/v2\/product_cat?post=286259"},{"taxonomy":"product_tag","embeddable":true,"href":"https:\/\/megacase.com\/de\/wp-json\/wp\/v2\/product_tag?post=286259"}],"curies":[{"name":"wp","href":"https:\/\/api.w.org\/{rel}","templated":true}]}}