{"id":285542,"date":"2025-10-20T10:30:22","date_gmt":"2025-10-20T08:30:22","guid":{"rendered":"https:\/\/megacase.com\/?post_type=product&#038;p=285542"},"modified":"2026-03-25T14:37:50","modified_gmt":"2026-03-25T13:37:50","slug":"schrankcase-schuhregal-mit-22-faechern","status":"publish","type":"product","link":"https:\/\/megacase.com\/de\/produkt\/schrankcase-schuhregal-mit-22-faechern\/","title":{"rendered":"Schrankcase Schuhregal mit 22 F\u00e4chern"},"content":{"rendered":"<p>Schrankcase mit 2 T\u00fcren, 22 F\u00e4chern und L\u00fcftungsschalen<br \/>\nauf 100 mm Lenkrollen gebremst.<br \/>\nDie 9 mm Multiplex-Fachb\u00f6den sind jeweils links und rechts<br \/>\nmit einem T-Profi montiert und k\u00f6nnen entnommen werden.<br \/>\nDie Fachb\u00f6den haben Ausschnitte f\u00fcr optimale Luftzirkulation.<\/p>\n<p>6,8 mm Multiplex farbig beschichtet<br \/>\n&#8211; Farbe aus unserer Farbkarte frei w\u00e4hlbar<br \/>\n30&#215;30 mm Aluminiumprofil<br \/>\n8 L-Ecke medium<br \/>\n3 Butterfly mittel mit \u00d6se zum Abschlie\u00dfen<br \/>\n6 Klappgriff medium<br \/>\n10 Scharnier 6-Loch<br \/>\n10 Entl\u00fcftungsschale<br \/>\n1 Einbauschale f\u00fcr Tour-Label<br \/>\n8 Stahlkugelecke mittel<br \/>\n4 Lenkrollen 100mm gebremst<\/p>\n<p>hergestellt in Deutschland<br \/>\nAu\u00dfenma\u00dfe ca. BxTxH 1045x440x1593mm<br \/>\nGewicht ca. 75 KG<\/p>\n","protected":false},"excerpt":{"rendered":"<p>Schrankcase mit 2 T\u00fcren, 22 F\u00e4chern und L\u00fcftungsschalen auf 100 mm Lenkrollen gebremst. Die 9 mm Multiplex-Fachb\u00f6den sind jeweils links<\/p>\n","protected":false},"featured_media":285555,"template":"","meta":{"_acf_changed":false},"product_brand":[],"product_cat":[13564],"product_tag":[14248],"class_list":{"0":"post-285542","1":"product","2":"type-product","3":"status-publish","4":"has-post-thumbnail","6":"product_cat-make-up-artist-case","7":"product_tag-schrankcase","9":"first","10":"instock","11":"taxable","12":"shipping-taxable","13":"purchasable","14":"product-type-simple"},"acf":[],"_links":{"self":[{"href":"https:\/\/megacase.com\/de\/wp-json\/wp\/v2\/product\/285542","targetHints":{"allow":["GET"]}}],"collection":[{"href":"https:\/\/megacase.com\/de\/wp-json\/wp\/v2\/product"}],"about":[{"href":"https:\/\/megacase.com\/de\/wp-json\/wp\/v2\/types\/product"}],"wp:featuredmedia":[{"embeddable":true,"href":"https:\/\/megacase.com\/de\/wp-json\/wp\/v2\/media\/285555"}],"wp:attachment":[{"href":"https:\/\/megacase.com\/de\/wp-json\/wp\/v2\/media?parent=285542"}],"wp:term":[{"taxonomy":"product_brand","embeddable":true,"href":"https:\/\/megacase.com\/de\/wp-json\/wp\/v2\/product_brand?post=285542"},{"taxonomy":"product_cat","embeddable":true,"href":"https:\/\/megacase.com\/de\/wp-json\/wp\/v2\/product_cat?post=285542"},{"taxonomy":"product_tag","embeddable":true,"href":"https:\/\/megacase.com\/de\/wp-json\/wp\/v2\/product_tag?post=285542"}],"curies":[{"name":"wp","href":"https:\/\/api.w.org\/{rel}","templated":true}]}}