{"id":285351,"date":"2025-10-21T07:59:16","date_gmt":"2025-10-21T05:59:16","guid":{"rendered":"https:\/\/megacase.com\/?post_type=product&#038;p=285351"},"modified":"2026-03-25T14:37:49","modified_gmt":"2026-03-25T13:37:49","slug":"cd-player-case-alphatheta-cdj-3000x-all-black","status":"publish","type":"product","link":"https:\/\/megacase.com\/de\/produkt\/cd-player-case-alphatheta-cdj-3000x-all-black\/","title":{"rendered":"CD Player Case AlphaTheta CDJ-3000X ABK"},"content":{"rendered":"<p>Robustes und hochwertig verarbeitetes CD-Player-Case in komplett schwarzer Ausf\u00fchrung, speziell passend f\u00fcr den AlphaTheta CDJ-3000X.<br \/>\nDas Ger\u00e4t sitzt sicher in einer passgenauen Schaumstoffpolsterung und kann bequem direkt im Case bedient werden.<br \/>\nEin integrierter 10 cm Kabelkanal erm\u00f6glicht eine saubere und praktische Kabelf\u00fchrung.<br \/>\nDas Case ist f\u00fcr den professionellen Einsatz konzipiert und bietet optimalen Schutz beim Transport sowie im Live-Betrieb.<\/p>\n<p>6,5 mm Polyboard schwarz<br \/>\n25&#215;25 mm Aluminiumprofil<br \/>\n2 Butterfly mittel<br \/>\n1 Koffergriff<br \/>\n8 Stahlkugelecke mittel<br \/>\n4 Gummif\u00fc\u00dfe<br \/>\nSchaumstoffpolsterung<\/p>\n<p>hergestellt in Deutschland<br \/>\nAu\u00dfenma\u00dfe ca. BxTxH 430 x 630 x 230 mm<br \/>\nGewicht ca.6,8Kg<\/p>\n","protected":false},"excerpt":{"rendered":"<p>Robustes und hochwertig verarbeitetes CD-Player-Case in komplett schwarzer Ausf\u00fchrung, speziell passend f\u00fcr den AlphaTheta CDJ-3000X. Das Ger\u00e4t sitzt sicher in<\/p>\n","protected":false},"featured_media":285791,"template":"","meta":{"_acf_changed":false},"product_brand":[],"product_cat":[13493],"product_tag":[16443,16472,16481,16482,16483],"class_list":{"0":"post-285351","1":"product","2":"type-product","3":"status-publish","4":"has-post-thumbnail","6":"product_cat-dj-equipment-cases","7":"product_tag-blackfriday-fr-2","8":"product_tag-allblack","9":"product_tag-cd-player","10":"product_tag-alphatheta","11":"product_tag-cdj3000x","13":"first","14":"instock","15":"taxable","16":"shipping-taxable","17":"purchasable","18":"product-type-simple"},"acf":[],"_links":{"self":[{"href":"https:\/\/megacase.com\/de\/wp-json\/wp\/v2\/product\/285351","targetHints":{"allow":["GET"]}}],"collection":[{"href":"https:\/\/megacase.com\/de\/wp-json\/wp\/v2\/product"}],"about":[{"href":"https:\/\/megacase.com\/de\/wp-json\/wp\/v2\/types\/product"}],"wp:featuredmedia":[{"embeddable":true,"href":"https:\/\/megacase.com\/de\/wp-json\/wp\/v2\/media\/285791"}],"wp:attachment":[{"href":"https:\/\/megacase.com\/de\/wp-json\/wp\/v2\/media?parent=285351"}],"wp:term":[{"taxonomy":"product_brand","embeddable":true,"href":"https:\/\/megacase.com\/de\/wp-json\/wp\/v2\/product_brand?post=285351"},{"taxonomy":"product_cat","embeddable":true,"href":"https:\/\/megacase.com\/de\/wp-json\/wp\/v2\/product_cat?post=285351"},{"taxonomy":"product_tag","embeddable":true,"href":"https:\/\/megacase.com\/de\/wp-json\/wp\/v2\/product_tag?post=285351"}],"curies":[{"name":"wp","href":"https:\/\/api.w.org\/{rel}","templated":true}]}}